{"id":444,"date":"2024-11-23T18:41:32","date_gmt":"2024-11-23T17:41:32","guid":{"rendered":"https:\/\/www.sorianoipiqueras.com\/?page_id=444"},"modified":"2025-04-26T21:06:30","modified_gmt":"2025-04-26T19:06:30","slug":"derecho-publico","status":"publish","type":"page","link":"http:\/\/www.sorianoipiqueras.com\/es_es\/derecho-publico\/","title":{"rendered":"Derecho p\u00fablico y urbanismo"},"content":{"rendered":"\n<div class=\"wp-block-columns is-layout-flex wp-container-core-columns-is-layout-28f84493 wp-block-columns-is-layout-flex\">\n<div class=\"wp-block-column is-layout-flow wp-block-column-is-layout-flow\">\n<p><strong>Derecho p\u00fablico<\/strong><\/p>\n\n\n\n<p>Asesoramos y defendemos a nuestros clientes en sus relaciones con las Administraciones P\u00fablicas a todos los niveles. Acompa\u00f1amos en las negociaciones y los tr\u00e1mites para el desarrollo de proyectos, y ejercitamos la defensa ante los tribunales en sede de recurso contencioso-administrativo. <\/p>\n\n\n\n<p>Intervenimos en todas los \u00e1mbitos del derecho administrativo, incluidos la contrataci\u00f3n del sector p\u00fablico o la funci\u00f3n p\u00fablica.<\/p>\n\n\n\n<p>Somos uno de los muy limitados despachos en Espa\u00f1a con experiencia en la defensa letrada de recursos de inconstitucionalidad ante el Tribunal Constitucional contra normas con rango de ley. Asimismo, prestamos asesoramiento en procedimientos de responsabilidad contable ante el Tribunal de Cuentas.<\/p>\n<\/div>\n\n\n\n<div class=\"wp-block-column is-layout-flow wp-block-column-is-layout-flow\">\n<p><strong>Derecho urbanistico<\/strong><\/p>\n\n\n\n<p>Somos especialistas en los asuntos complejos relacionados con el derecho urban\u00edstico, tanto a nivel propositivo en el desarrollo de actuaciones urban\u00edsticas de primera magnitud como a nivel defensivo, oponi\u00e9ndonos a procedimiento de restauraci\u00f3n de la legalidad urban\u00edstica o procedimientos sancionadores.&nbsp;<\/p>\n\n\n\n<p>Contamos con una amplia experiencia, habiendo participado en asuntos como el desarrollo de centros comerciales y hoteles en ubicaciones controvertidas, desarrollos residenciales completos o redacci\u00f3n de planeamiento.<\/p>\n\n\n\n<p>En particular, nuestra intervenci\u00f3n es apreciada en la defensa de procedimientos de restauraci\u00f3n de la legalidad de especial complejidad: aquellos en los que la Administraci\u00f3n entiende que las edificaciones no son legalizables y pretende su derribo. <\/p>\n<\/div>\n<\/div>\n\n\n\n<p><br><\/p>\n","protected":false},"excerpt":{"rendered":"<p>Derecho p\u00fablico Asesoramos y defendemos a nuestros clientes en sus relaciones con las Administraciones P\u00fablicas a todos los niveles. Acompa\u00f1amos en las negociaciones y los tr\u00e1mites para el desarrollo de proyectos, y ejercitamos la defensa ante los tribunales en sede de recurso contencioso-administrativo. Intervenimos en todas los \u00e1mbitos del derecho administrativo, incluidos la contrataci\u00f3n del [&hellip;]<\/p>\n","protected":false},"author":1,"featured_media":0,"parent":0,"menu_order":0,"comment_status":"closed","ping_status":"closed","template":"","meta":{"footnotes":""},"class_list":["post-444","page","type-page","status-publish","hentry"],"aioseo_notices":[],"_links":{"self":[{"href":"http:\/\/www.sorianoipiqueras.com\/es_es\/wp-json\/wp\/v2\/pages\/444","targetHints":{"allow":["GET"]}}],"collection":[{"href":"http:\/\/www.sorianoipiqueras.com\/es_es\/wp-json\/wp\/v2\/pages"}],"about":[{"href":"http:\/\/www.sorianoipiqueras.com\/es_es\/wp-json\/wp\/v2\/types\/page"}],"author":[{"embeddable":true,"href":"http:\/\/www.sorianoipiqueras.com\/es_es\/wp-json\/wp\/v2\/users\/1"}],"replies":[{"embeddable":true,"href":"http:\/\/www.sorianoipiqueras.com\/es_es\/wp-json\/wp\/v2\/comments?post=444"}],"version-history":[{"count":10,"href":"http:\/\/www.sorianoipiqueras.com\/es_es\/wp-json\/wp\/v2\/pages\/444\/revisions"}],"predecessor-version":[{"id":956,"href":"http:\/\/www.sorianoipiqueras.com\/es_es\/wp-json\/wp\/v2\/pages\/444\/revisions\/956"}],"wp:attachment":[{"href":"http:\/\/www.sorianoipiqueras.com\/es_es\/wp-json\/wp\/v2\/media?parent=444"}],"curies":[{"name":"wp","href":"https:\/\/api.w.org\/{rel}","templated":true}]}}