{"id":1045,"date":"2025-06-30T22:14:54","date_gmt":"2025-06-30T20:14:54","guid":{"rendered":"https:\/\/www.sorianoipiqueras.com\/?page_id=1045"},"modified":"2025-06-30T22:14:55","modified_gmt":"2025-06-30T20:14:55","slug":"inma-yanez-climent","status":"publish","type":"page","link":"https:\/\/www.sorianoipiqueras.com\/es_es\/inma-yanez-climent\/","title":{"rendered":"Inma Y\u00e1\u00f1ez Climent"},"content":{"rendered":"\n<div class=\"wp-block-columns is-layout-flex wp-container-core-columns-is-layout-28f84493 wp-block-columns-is-layout-flex\">\n<div class=\"wp-block-column is-layout-flow wp-block-column-is-layout-flow\">\n<figure class=\"wp-block-image size-full\"><img loading=\"lazy\" decoding=\"async\" width=\"1106\" height=\"830\" src=\"https:\/\/www.sorianoipiqueras.com\/wp-content\/uploads\/2025\/06\/4844a28a-5afb-49c6-9d1c-557328cae1df.jpg\" alt=\"\" class=\"wp-image-1046\" srcset=\"https:\/\/www.sorianoipiqueras.com\/wp-content\/uploads\/2025\/06\/4844a28a-5afb-49c6-9d1c-557328cae1df.jpg 1106w, https:\/\/www.sorianoipiqueras.com\/wp-content\/uploads\/2025\/06\/4844a28a-5afb-49c6-9d1c-557328cae1df-300x225.jpg 300w, https:\/\/www.sorianoipiqueras.com\/wp-content\/uploads\/2025\/06\/4844a28a-5afb-49c6-9d1c-557328cae1df-1024x768.jpg 1024w, https:\/\/www.sorianoipiqueras.com\/wp-content\/uploads\/2025\/06\/4844a28a-5afb-49c6-9d1c-557328cae1df-768x576.jpg 768w, https:\/\/www.sorianoipiqueras.com\/wp-content\/uploads\/2025\/06\/4844a28a-5afb-49c6-9d1c-557328cae1df-16x12.jpg 16w\" sizes=\"auto, (max-width: 1106px) 100vw, 1106px\" \/><\/figure>\n<\/div>\n\n\n\n<div class=\"wp-block-column is-layout-flow wp-block-column-is-layout-flow\">\n<p><strong>Inma Y\u00e1\u00f1ez<\/strong> es abogada del despacho \u00abSoriano i Piqueras\u00bb,  en la oficina de Valencia, en la pr\u00e1ctica de derecho procesal y derecho de costas. <\/p>\n<\/div>\n<\/div>\n\n\n\n<p>Inma es abogada ejerciente desde 2014. Licenciada en Derecho por la Universidad de Valencia y m\u00e1ster de la Abogac\u00eda por la Universitat Jaume I, ha cursado diferentes cursos de especializaci\u00f3n de Derecho de Familia y Sucesiones.<\/p>\n\n\n\n<p>Desde 2018 desempe\u00f1a el asesoramiento jur\u00eddico de diversas asociaciones y particulares en materia de legislaci\u00f3n sobre la costa y el dominio p\u00fablico mar\u00edtimo-terrestre, interviniendo en recursos contencioso-administrativos contra deslindes e impulsando la reforma de la legislaci\u00f3n estatal y en particular, en la legislaci\u00f3n de costas valenciana.<\/p>\n\n\n\n<p>Ha intervenido como ponente en la comisi\u00f3n legislativa de les Corts Valencianes sobre la Ley 3\/2025, de 22 de mayo, de protecci\u00f3n y ordenaci\u00f3n de la costa valenciana.\u00a0<\/p>\n","protected":false},"excerpt":{"rendered":"<p>Inma Y\u00e1\u00f1ez es abogada del despacho \u00abSoriano i Piqueras\u00bb, en la oficina de Valencia, en la pr\u00e1ctica de derecho procesal y derecho de costas. Inma es abogada ejerciente desde 2014. Licenciada en Derecho por la Universidad de Valencia y m\u00e1ster de la Abogac\u00eda por la Universitat Jaume I, ha cursado diferentes cursos de especializaci\u00f3n de [&hellip;]<\/p>\n","protected":false},"author":1,"featured_media":0,"parent":0,"menu_order":0,"comment_status":"closed","ping_status":"closed","template":"","meta":{"footnotes":""},"class_list":["post-1045","page","type-page","status-publish","hentry"],"aioseo_notices":[],"_links":{"self":[{"href":"https:\/\/www.sorianoipiqueras.com\/es_es\/wp-json\/wp\/v2\/pages\/1045","targetHints":{"allow":["GET"]}}],"collection":[{"href":"https:\/\/www.sorianoipiqueras.com\/es_es\/wp-json\/wp\/v2\/pages"}],"about":[{"href":"https:\/\/www.sorianoipiqueras.com\/es_es\/wp-json\/wp\/v2\/types\/page"}],"author":[{"embeddable":true,"href":"https:\/\/www.sorianoipiqueras.com\/es_es\/wp-json\/wp\/v2\/users\/1"}],"replies":[{"embeddable":true,"href":"https:\/\/www.sorianoipiqueras.com\/es_es\/wp-json\/wp\/v2\/comments?post=1045"}],"version-history":[{"count":1,"href":"https:\/\/www.sorianoipiqueras.com\/es_es\/wp-json\/wp\/v2\/pages\/1045\/revisions"}],"predecessor-version":[{"id":1048,"href":"https:\/\/www.sorianoipiqueras.com\/es_es\/wp-json\/wp\/v2\/pages\/1045\/revisions\/1048"}],"wp:attachment":[{"href":"https:\/\/www.sorianoipiqueras.com\/es_es\/wp-json\/wp\/v2\/media?parent=1045"}],"curies":[{"name":"wp","href":"https:\/\/api.w.org\/{rel}","templated":true}]}}