{"id":1640,"date":"2026-05-13T18:43:38","date_gmt":"2026-05-13T16:43:38","guid":{"rendered":"https:\/\/www.sorianoipiqueras.com\/?page_id=1640"},"modified":"2026-05-13T18:43:38","modified_gmt":"2026-05-13T16:43:38","slug":"mapa-del-sitio","status":"publish","type":"page","link":"https:\/\/www.sorianoipiqueras.com\/es_es\/mapa-del-sitio\/","title":{"rendered":"Mapa del sitio"},"content":{"rendered":"\n<div style=\"width:100%;font-family:Calibri,sans-serif;box-sizing:border-box;\">\n\n  <!-- CABECERA -->\n  <div style=\"background:#776252;width:100%;padding:10px 18px;box-sizing:border-box;\">\n    <span style=\"display:block;font-size:9px;letter-spacing:0.18em;text-transform:uppercase;color:rgba(255,255,255,0.9);font-weight:500;margin:0;padding:0;line-height:1.3;\">Mapa del sitio<\/span>\n  <\/div>\n\n  <!-- SECCI\u00d3N: LA FIRMA -->\n  <div style=\"background:#3d3530;width:100%;padding:10px 18px;box-sizing:border-box;margin-top:4px;\">\n    <span style=\"display:block;font-size:9px;letter-spacing:0.18em;text-transform:uppercase;color:rgba(255,255,255,0.45);font-family:'Courier New',monospace;margin:0;padding:0;line-height:1.3;\">La firma<\/span>\n  <\/div>\n  <div style=\"display:flex;flex-direction:column;gap:1px;margin-top:1px;\">\n    <a href=\"\/es_es\/nosotros\/\" style=\"display:flex;align-items:stretch;text-decoration:none;background:#f7f3ef;\" onmouseover=\"this.style.background='#ede7e0'\" onmouseout=\"this.style.background='#f7f3ef'\">\n      <div style=\"width:4px;flex-shrink:0;background:#776252;\"><\/div>\n      <div style=\"flex:1;padding:10px 16px;\">\n        <span style=\"display:block;font-size:11px;letter-spacing:0.04em;color:#3d3530;line-height:1.5;margin:0;padding:0;\">La firma<\/span>\n      <\/div>\n      <div style=\"padding:10px 16px;display:flex;align-items:center;flex-shrink:0;\"><span style=\"font-size:11px;color:#b5a090;\">\u2192<\/span><\/div>\n    <\/a>\n    <a href=\"\/es_es\/equipo\/\" style=\"display:flex;align-items:stretch;text-decoration:none;background:#ffffff;\" onmouseover=\"this.style.background='#f7f3ef'\" onmouseout=\"this.style.background='#ffffff'\">\n      <div style=\"width:4px;flex-shrink:0;background:#3d4a5c;\"><\/div>\n      <div style=\"flex:1;padding:10px 16px;\">\n        <span style=\"display:block;font-size:11px;letter-spacing:0.04em;color:#3d3530;line-height:1.5;margin:0;padding:0;\">Equipo<\/span>\n      <\/div>\n      <div style=\"padding:10px 16px;display:flex;align-items:center;flex-shrink:0;\"><span style=\"font-size:11px;color:#b5a090;\">\u2192<\/span><\/div>\n    <\/a>\n    <a href=\"\/es_es\/publicaciones\/\" style=\"display:flex;align-items:stretch;text-decoration:none;background:#f7f3ef;\" onmouseover=\"this.style.background='#ede7e0'\" onmouseout=\"this.style.background='#f7f3ef'\">\n      <div style=\"width:4px;flex-shrink:0;background:#776252;\"><\/div>\n      <div style=\"flex:1;padding:10px 16px;\">\n        <span style=\"display:block;font-size:11px;letter-spacing:0.04em;color:#3d3530;line-height:1.5;margin:0;padding:0;\">Publicaciones<\/span>\n      <\/div>\n      <div style=\"padding:10px 16px;display:flex;align-items:center;flex-shrink:0;\"><span style=\"font-size:11px;color:#b5a090;\">\u2192<\/span><\/div>\n    <\/a>\n  <\/div>\n\n  <!-- SECCI\u00d3N: EQUIPO -->\n  <div style=\"background:#3d3530;width:100%;padding:10px 18px;box-sizing:border-box;margin-top:4px;\">\n    <span style=\"display:block;font-size:9px;letter-spacing:0.18em;text-transform:uppercase;color:rgba(255,255,255,0.45);font-family:'Courier New',monospace;margin:0;padding:0;line-height:1.3;\">Perfiles del equipo<\/span>\n  <\/div>\n  <div style=\"display:flex;flex-direction:column;gap:1px;margin-top:1px;\">\n    <a href=\"\/es_es\/victor-m-soriano-i-piqueras\/\" style=\"display:flex;align-items:stretch;text-decoration:none;background:#f7f3ef;\" onmouseover=\"this.style.background='#ede7e0'\" onmouseout=\"this.style.background='#f7f3ef'\">\n      <div style=\"width:4px;flex-shrink:0;background:#776252;\"><\/div>\n      <div style=\"flex:1;padding:10px 16px;\">\n        <span style=\"display:block;font-size:11px;letter-spacing:0.04em;color:#3d3530;line-height:1.5;margin:0;padding:0;\">V\u00edctor M. Soriano i Piqueras<\/span>\n        <span style=\"display:block;font-size:9px;letter-spacing:0.1em;text-transform:uppercase;color:#776252;margin:2px 0 0;padding:0;line-height:1.3;\">Socio-director<\/span>\n      <\/div>\n      <div style=\"padding:10px 16px;display:flex;align-items:center;flex-shrink:0;\"><span style=\"font-size:11px;color:#b5a090;\">\u2192<\/span><\/div>\n    <\/a>\n    <a href=\"\/es_es\/jose-luis-pantoja-montero\/\" style=\"display:flex;align-items:stretch;text-decoration:none;background:#ffffff;\" onmouseover=\"this.style.background='#f7f3ef'\" onmouseout=\"this.style.background='#ffffff'\">\n      <div style=\"width:4px;flex-shrink:0;background:#3d4a5c;\"><\/div>\n      <div style=\"flex:1;padding:10px 16px;\">\n        <span style=\"display:block;font-size:11px;letter-spacing:0.04em;color:#3d3530;line-height:1.5;margin:0;padding:0;\">Jose Luis Pantoja Montero<\/span>\n        <span style=\"display:block;font-size:9px;letter-spacing:0.1em;text-transform:uppercase;color:#3d4a5c;margin:2px 0 0;padding:0;line-height:1.3;\">Socio \u00b7 Madrid<\/span>\n      <\/div>\n      <div style=\"padding:10px 16px;display:flex;align-items:center;flex-shrink:0;\"><span style=\"font-size:11px;color:#b5a090;\">\u2192<\/span><\/div>\n    <\/a>\n    <a href=\"\/es_es\/inma-yanez-climent\/\" style=\"display:flex;align-items:stretch;text-decoration:none;background:#f7f3ef;\" onmouseover=\"this.style.background='#ede7e0'\" onmouseout=\"this.style.background='#f7f3ef'\">\n      <div style=\"width:4px;flex-shrink:0;background:#776252;\"><\/div>\n      <div style=\"flex:1;padding:10px 16px;\">\n        <span style=\"display:block;font-size:11px;letter-spacing:0.04em;color:#3d3530;line-height:1.5;margin:0;padding:0;\">Inma Y\u00e1\u00f1ez Climent<\/span>\n        <span style=\"display:block;font-size:9px;letter-spacing:0.1em;text-transform:uppercase;color:#776252;margin:2px 0 0;padding:0;line-height:1.3;\">Of Counsel \u00b7 Valencia<\/span>\n      <\/div>\n      <div style=\"padding:10px 16px;display:flex;align-items:center;flex-shrink:0;\"><span style=\"font-size:11px;color:#b5a090;\">\u2192<\/span><\/div>\n    <\/a>\n    <a href=\"\/es_es\/m-angeles-lopez-sargues\/\" style=\"display:flex;align-items:stretch;text-decoration:none;background:#ffffff;\" onmouseover=\"this.style.background='#f7f3ef'\" onmouseout=\"this.style.background='#ffffff'\">\n      <div style=\"width:4px;flex-shrink:0;background:#3d4a5c;\"><\/div>\n      <div style=\"flex:1;padding:10px 16px;\">\n        <span style=\"display:block;font-size:11px;letter-spacing:0.04em;color:#3d3530;line-height:1.5;margin:0;padding:0;\">M. \u00c1ngeles L\u00f3pez Sargues<\/span>\n        <span style=\"display:block;font-size:9px;letter-spacing:0.1em;text-transform:uppercase;color:#3d4a5c;margin:2px 0 0;padding:0;line-height:1.3;\">Of Counsel \u00b7 Valencia<\/span>\n      <\/div>\n      <div style=\"padding:10px 16px;display:flex;align-items:center;flex-shrink:0;\"><span style=\"font-size:11px;color:#b5a090;\">\u2192<\/span><\/div>\n    <\/a>\n  <\/div>\n\n  <!-- SECCI\u00d3N: \u00c1REAS DE PR\u00c1CTICA -->\n  <div style=\"background:#3d3530;width:100%;padding:10px 18px;box-sizing:border-box;margin-top:4px;\">\n    <span style=\"display:block;font-size:9px;letter-spacing:0.18em;text-transform:uppercase;color:rgba(255,255,255,0.45);font-family:'Courier New',monospace;margin:0;padding:0;line-height:1.3;\">\u00c1reas de pr\u00e1ctica y landings<\/span>\n  <\/div>\n  <div style=\"display:flex;flex-direction:column;gap:1px;margin-top:1px;\">\n    <a href=\"\/es_es\/abogados-de-derecho-penal-en-valencia\/\" style=\"display:flex;align-items:stretch;text-decoration:none;background:#f7f3ef;\" onmouseover=\"this.style.background='#ede7e0'\" onmouseout=\"this.style.background='#f7f3ef'\">\n      <div style=\"width:4px;flex-shrink:0;background:#776252;\"><\/div>\n      <div style=\"flex:1;padding:10px 16px;\">\n        <span style=\"display:block;font-size:11px;letter-spacing:0.04em;color:#3d3530;line-height:1.5;margin:0;padding:0;\">Abogados de derecho penal en Valencia<\/span>\n      <\/div>\n      <div style=\"padding:10px 16px;display:flex;align-items:center;flex-shrink:0;\"><span style=\"font-size:11px;color:#b5a090;\">\u2192<\/span><\/div>\n    <\/a>\n    <a href=\"\/es_es\/abogados-de-derecho-penal-en-madrid\/\" style=\"display:flex;align-items:stretch;text-decoration:none;background:#ffffff;\" onmouseover=\"this.style.background='#f7f3ef'\" onmouseout=\"this.style.background='#ffffff'\">\n      <div style=\"width:4px;flex-shrink:0;background:#3d4a5c;\"><\/div>\n      <div style=\"flex:1;padding:10px 16px;\">\n        <span style=\"display:block;font-size:11px;letter-spacing:0.04em;color:#3d3530;line-height:1.5;margin:0;padding:0;\">Abogados de derecho penal en Madrid<\/span>\n      <\/div>\n      <div style=\"padding:10px 16px;display:flex;align-items:center;flex-shrink:0;\"><span style=\"font-size:11px;color:#b5a090;\">\u2192<\/span><\/div>\n    <\/a>\n    <a href=\"\/es_es\/abogados-de-delitos-urbanisticos-en-madrid-valencia-e-ibiza\/\" style=\"display:flex;align-items:stretch;text-decoration:none;background:#f7f3ef;\" onmouseover=\"this.style.background='#ede7e0'\" onmouseout=\"this.style.background='#f7f3ef'\">\n      <div style=\"width:4px;flex-shrink:0;background:#776252;\"><\/div>\n      <div style=\"flex:1;padding:10px 16px;\">\n        <span style=\"display:block;font-size:11px;letter-spacing:0.04em;color:#3d3530;line-height:1.5;margin:0;padding:0;\">Abogados de delitos urban\u00edsticos en Madrid, Valencia e Ibiza<\/span>\n      <\/div>\n      <div style=\"padding:10px 16px;display:flex;align-items:center;flex-shrink:0;\"><span style=\"font-size:11px;color:#b5a090;\">\u2192<\/span><\/div>\n    <\/a>\n    <a href=\"\/es_es\/abogados-de-acusacion-penal-por-delitos-economicos-en-valencia-y-madrid\/\" style=\"display:flex;align-items:stretch;text-decoration:none;background:#ffffff;\" onmouseover=\"this.style.background='#f7f3ef'\" onmouseout=\"this.style.background='#ffffff'\">\n      <div style=\"width:4px;flex-shrink:0;background:#3d4a5c;\"><\/div>\n      <div style=\"flex:1;padding:10px 16px;\">\n        <span style=\"display:block;font-size:11px;letter-spacing:0.04em;color:#3d3530;line-height:1.5;margin:0;padding:0;\">Abogados de acusaci\u00f3n penal por delitos econ\u00f3micos en Valencia y Madrid<\/span>\n      <\/div>\n      <div style=\"padding:10px 16px;display:flex;align-items:center;flex-shrink:0;\"><span style=\"font-size:11px;color:#b5a090;\">\u2192<\/span><\/div>\n    <\/a>\n    <a href=\"\/es_es\/abogados-de-sanciones-administrativas-de-turismo-y-urbanismo-en-ibiza\/\" style=\"display:flex;align-items:stretch;text-decoration:none;background:#f7f3ef;\" onmouseover=\"this.style.background='#ede7e0'\" onmouseout=\"this.style.background='#f7f3ef'\">\n      <div style=\"width:4px;flex-shrink:0;background:#776252;\"><\/div>\n      <div style=\"flex:1;padding:10px 16px;\">\n        <span style=\"display:block;font-size:11px;letter-spacing:0.04em;color:#3d3530;line-height:1.5;margin:0;padding:0;\">Abogados de sanciones administrativas de turismo y urbanismo en Ibiza<\/span>\n      <\/div>\n      <div style=\"padding:10px 16px;display:flex;align-items:center;flex-shrink:0;\"><span style=\"font-size:11px;color:#b5a090;\">\u2192<\/span><\/div>\n    <\/a>\n  <\/div>\n\n  <!-- SECCI\u00d3N: INFORMACI\u00d3N -->\n  <div style=\"background:#3d3530;width:100%;padding:10px 18px;box-sizing:border-box;margin-top:4px;\">\n    <span style=\"display:block;font-size:9px;letter-spacing:0.18em;text-transform:uppercase;color:rgba(255,255,255,0.45);font-family:'Courier New',monospace;margin:0;padding:0;line-height:1.3;\">Informaci\u00f3n<\/span>\n  <\/div>\n  <div style=\"display:flex;flex-direction:column;gap:1px;margin-top:1px;\">\n    <a href=\"\/es_es\/oficinas\/\" style=\"display:flex;align-items:stretch;text-decoration:none;background:#f7f3ef;\" onmouseover=\"this.style.background='#ede7e0'\" onmouseout=\"this.style.background='#f7f3ef'\">\n      <div style=\"width:4px;flex-shrink:0;background:#776252;\"><\/div>\n      <div style=\"flex:1;padding:10px 16px;\">\n        <span style=\"display:block;font-size:11px;letter-spacing:0.04em;color:#3d3530;line-height:1.5;margin:0;padding:0;\">Oficinas<\/span>\n      <\/div>\n      <div style=\"padding:10px 16px;display:flex;align-items:center;flex-shrink:0;\"><span style=\"font-size:11px;color:#b5a090;\">\u2192<\/span><\/div>\n    <\/a>\n    <a href=\"\/es_es\/prensa\/\" style=\"display:flex;align-items:stretch;text-decoration:none;background:#ffffff;\" onmouseover=\"this.style.background='#f7f3ef'\" onmouseout=\"this.style.background='#ffffff'\">\n      <div style=\"width:4px;flex-shrink:0;background:#3d4a5c;\"><\/div>\n      <div style=\"flex:1;padding:10px 16px;\">\n        <span style=\"display:block;font-size:11px;letter-spacing:0.04em;color:#3d3530;line-height:1.5;margin:0;padding:0;\">Prensa<\/span>\n      <\/div>\n      <div style=\"padding:10px 16px;display:flex;align-items:center;flex-shrink:0;\"><span style=\"font-size:11px;color:#b5a090;\">\u2192<\/span><\/div>\n    <\/a>\n    <a href=\"\/es_es\/casos\/\" style=\"display:flex;align-items:stretch;text-decoration:none;background:#f7f3ef;\" onmouseover=\"this.style.background='#ede7e0'\" onmouseout=\"this.style.background='#f7f3ef'\">\n      <div style=\"width:4px;flex-shrink:0;background:#776252;\"><\/div>\n      <div style=\"flex:1;padding:10px 16px;\">\n        <span style=\"display:block;font-size:11px;letter-spacing:0.04em;color:#3d3530;line-height:1.5;margin:0;padding:0;\">Casos de \u00e9xito<\/span>\n      <\/div>\n      <div style=\"padding:10px 16px;display:flex;align-items:center;flex-shrink:0;\"><span style=\"font-size:11px;color:#b5a090;\">\u2192<\/span><\/div>\n    <\/a>\n    <a href=\"\/es_es\/politica-de-privacidad\/\" style=\"display:flex;align-items:stretch;text-decoration:none;background:#ffffff;\" onmouseover=\"this.style.background='#f7f3ef'\" onmouseout=\"this.style.background='#ffffff'\">\n      <div style=\"width:4px;flex-shrink:0;background:#3d4a5c;\"><\/div>\n      <div style=\"flex:1;padding:10px 16px;\">\n        <span style=\"display:block;font-size:11px;letter-spacing:0.04em;color:#3d3530;line-height:1.5;margin:0;padding:0;\">Pol\u00edtica de privacidad<\/span>\n      <\/div>\n      <div style=\"padding:10px 16px;display:flex;align-items:center;flex-shrink:0;\"><span style=\"font-size:11px;color:#b5a090;\">\u2192<\/span><\/div>\n    <\/a>\n  <\/div>\n\n  <!-- SECCI\u00d3N: BLOG -->\n  <div style=\"background:#3d4a5c;width:100%;padding:10px 18px;box-sizing:border-box;margin-top:4px;\">\n    <span style=\"display:block;font-size:9px;letter-spacing:0.18em;text-transform:uppercase;color:rgba(255,255,255,0.45);font-family:'Courier New',monospace;margin:0;padding:0;line-height:1.3;\">Blog<\/span>\n  <\/div>\n  <div style=\"display:flex;flex-direction:column;gap:1px;margin-top:1px;\">\n    <a href=\"\/derechopenaladministrativo\/\" style=\"display:flex;align-items:stretch;text-decoration:none;background:#f7f3ef;\" onmouseover=\"this.style.background='#ede7e0'\" onmouseout=\"this.style.background='#f7f3ef'\">\n      <div style=\"width:4px;flex-shrink:0;background:#3d4a5c;\"><\/div>\n      <div style=\"flex:1;padding:10px 16px;\">\n        <span style=\"display:block;font-size:11px;letter-spacing:0.04em;color:#3d3530;line-height:1.5;margin:0;padding:0;\">Derecho Penal Administrativo<\/span>\n        <span style=\"display:block;font-size:9px;letter-spacing:0.1em;text-transform:uppercase;color:#3d4a5c;margin:2px 0 0;padding:0;line-height:1.3;\">Blog jur\u00eddico de Soriano i Piqueras<\/span>\n      <\/div>\n      <div style=\"padding:10px 16px;display:flex;align-items:center;flex-shrink:0;\"><span style=\"font-size:11px;color:#b5a090;\">\u2192<\/span><\/div>\n    <\/a>\n  <\/div>\n\n<\/div>\n","protected":false},"excerpt":{"rendered":"<p>Mapa del sitio La firma La firma \u2192 Equipo \u2192 Publicaciones \u2192 Perfiles del equipo V\u00edctor M. Soriano i Piqueras Socio-director \u2192 Jose Luis Pantoja Montero Socio \u00b7 Madrid \u2192 Inma Y\u00e1\u00f1ez Climent Of Counsel \u00b7 Valencia \u2192 M. \u00c1ngeles L\u00f3pez Sargues Of Counsel \u00b7 Valencia \u2192 \u00c1reas de pr\u00e1ctica y landings Abogados de derecho [&hellip;]<\/p>\n","protected":false},"author":1,"featured_media":0,"parent":0,"menu_order":0,"comment_status":"closed","ping_status":"closed","template":"","meta":{"footnotes":""},"class_list":["post-1640","page","type-page","status-publish","hentry"],"aioseo_notices":[],"_links":{"self":[{"href":"https:\/\/www.sorianoipiqueras.com\/es_es\/wp-json\/wp\/v2\/pages\/1640","targetHints":{"allow":["GET"]}}],"collection":[{"href":"https:\/\/www.sorianoipiqueras.com\/es_es\/wp-json\/wp\/v2\/pages"}],"about":[{"href":"https:\/\/www.sorianoipiqueras.com\/es_es\/wp-json\/wp\/v2\/types\/page"}],"author":[{"embeddable":true,"href":"https:\/\/www.sorianoipiqueras.com\/es_es\/wp-json\/wp\/v2\/users\/1"}],"replies":[{"embeddable":true,"href":"https:\/\/www.sorianoipiqueras.com\/es_es\/wp-json\/wp\/v2\/comments?post=1640"}],"version-history":[{"count":1,"href":"https:\/\/www.sorianoipiqueras.com\/es_es\/wp-json\/wp\/v2\/pages\/1640\/revisions"}],"predecessor-version":[{"id":1641,"href":"https:\/\/www.sorianoipiqueras.com\/es_es\/wp-json\/wp\/v2\/pages\/1640\/revisions\/1641"}],"wp:attachment":[{"href":"https:\/\/www.sorianoipiqueras.com\/es_es\/wp-json\/wp\/v2\/media?parent=1640"}],"curies":[{"name":"wp","href":"https:\/\/api.w.org\/{rel}","templated":true}]}}