{"id":3,"date":"2023-09-18T00:04:31","date_gmt":"2023-09-17T22:04:31","guid":{"rendered":"http:\/\/sorianoipiqueras.com\/www\/?page_id=3"},"modified":"2025-12-22T22:46:37","modified_gmt":"2025-12-22T21:46:37","slug":"politica-privacidad","status":"publish","type":"page","link":"https:\/\/www.sorianoipiqueras.com\/es_es\/politica-privacidad\/","title":{"rendered":"Aviso legal"},"content":{"rendered":"\n<p><strong>1. Informaci\u00f3n Legal<\/strong><\/p>\n\n\n\n<p>En cumplimiento de la Ley 34\/2002, de 11 de julio, de Servicios de la Sociedad de la Informaci\u00f3n y del Comercio Electr\u00f3nico, los datos identificativos del titular del portal web son:<\/p>\n\n\n\n<p><strong>SORIANO I PIQUERAS ABOGADOS, SLPU<\/strong><br>Paseo de la Castellana, 40, 28046, Madrid.<br>B19437920<br>Inscrita en el Registro Mercantil de Madrid, secci\u00f3n 8, Hoja M-834011<\/p>\n\n\n\n<p>Para cualquier duda o consulta, puede ponerse en contacto con nosotros a trav\u00e9s del email <em>info @ sorianoipiqueras.com<\/em>.<\/p>\n\n\n\n<p>El acceso a la web supone la aceptaci\u00f3n expresa del Usuario a las presentes Condiciones Generales de Uso, que podr\u00e1n ser modificadas total o parcialmente o sustituidas por otras, por su titular y en cualquier momento sin previo aviso. Le recomendamos que acceda a las presentes Condiciones Generales de vez en cuando para comprobar sus posibles modificaciones, que se publicar\u00e1n en el mismo apartado.<\/p>\n\n\n\n<p><strong>2. Condiciones Generales de Uso<\/strong><\/p>\n\n\n\n<p>Las siguientes Condiciones Generales regulan el uso y acceso a la p\u00e1gina web, cuya finalidad es establecer pautas de buen uso y comportamiento de la misma. Soriano i Piqueras pone a disposici\u00f3n de los Usuarios informaci\u00f3n sobre el uso, los servicios y los contenidos que se alojan en la web. A trav\u00e9s \u00e9sta, el Usuario tiene acceso a informaci\u00f3n sobre productos y servicios espec\u00edficos, herramientas y aplicaciones.<\/p>\n\n\n\n<p>Los datos e informaciones sobre productos o servicios, precios y caracter\u00edsticas u otros datos relevantes ofrecidos a trav\u00e9s de la p\u00e1gina web son realizados, proporcionados y actualizados por proveedores y terceras empresas. Soriano i Piqueras no es, en ning\u00fan caso, responsable de dichos datos e informaciones ni asume ninguna obligaci\u00f3n sobre los mismos.<\/p>\n\n\n\n<p>El Usuario se compromete a hacer un uso adecuado de los contenidos, servicios, aplicaciones y herramientas que est\u00e1n accesibles, con sujeci\u00f3n a la Ley y a las presentes Condiciones Generales de Uso y, en su caso a las Condiciones Particulares que puedan establecerse para el acceso a determinados servicios y aplicaciones, respetando en todo momento a los dem\u00e1s Usuarios de la misma.<\/p>\n\n\n\n<p>En caso de incumplimiento total y\/o parcial por el Usuario de las presentes Condiciones Generales de Uso, Soriano i Piqueras se reserva el derecho de denegar el acceso a la web, sin necesidad de previo aviso al Usuario.<\/p>\n\n\n\n<p><strong>3. Obligaciones Generales del Usuario<\/strong><\/p>\n\n\n\n<p>El Usuario, al aceptar las presentes Condiciones Generales de Uso, se obliga expresamente a:<\/p>\n\n\n\n<p>No realizar ninguna acci\u00f3n destinada perjudicar, bloquear, da\u00f1ar, inutilizar, sobrecargar, de forma temporal o definitiva, las funcionalidades, herramientas, contenidos y\/o la infraestructura de la p\u00e1gina web, de manera que impida su normal utilizaci\u00f3n.<\/p>\n\n\n\n<p>Custodiar y mantener la confidencialidad de las claves de acceso asociadas a su nombre de Usuario, siendo responsable de la utilizaci\u00f3n de dichas claves de acceso personales e intransferibles por parte de terceros.<\/p>\n\n\n\n<p>No introducir ni realizar contenidos injuriosos o calumniosos, tanto de otros Usuarios como de terceras empresas ajenas a Soriano i Piqueras.<\/p>\n\n\n\n<p>No utilizar cualquiera de los materiales e informaciones contenidos en este sitio web con fines il\u00edcitos y\/o expresamente prohibidos en las presentes Condiciones Generales de Uso, as\u00ed como a las Condiciones Particulares que, en su caso, se establezcan para determinadas aplicaciones y\/o utilidades y que resulten contrarios a los derechos e intereses de Soriano i Piqueras, sus Usuarios y\/o terceros.<\/p>\n\n\n\n<p>No ofertar ni distribuir productos y servicios, ni realizar publicidad o comunicaciones comerciales no solicitadas a otros Usuarios y visitantes de Soriano i Piqueras.<\/p>\n\n\n\n<p>El Usuario responder\u00e1 de los todos los da\u00f1os y perjuicios de toda naturaleza que Soriano i Piqueras o cualquier tercero pueda sufrir como consecuencia del incumplimiento de cualesquiera de las obligaciones a las que queda sometido por virtud de estas \u201cCondiciones Generales de Uso\u201d o de la ley en relaci\u00f3n con el acceso y\/o utilizaci\u00f3n de la p\u00e1gina.<\/p>\n\n\n\n<p><strong>4. Propiedad Intelectual e Industrial<\/strong><\/p>\n\n\n\n<p>La web, las p\u00e1ginas que comprende y la informaci\u00f3n o elementos contenidos en las mismas (incluyendo textos, documentos, fotograf\u00edas, dibujos, representaciones gr\u00e1ficas, de los que es titular o de los que sean titulares terceros que autorizan al propietario a su utilizaci\u00f3n, entre otros), as\u00ed como logotipos, marcas, nombres comerciales u otros signos distintivos, se encuentran protegidos por derechos de propiedad intelectual y\/o industrial, de los que Soriano i Piqueras es titular u ostenta autorizaci\u00f3n para su utilizaci\u00f3n y comunicaci\u00f3n p\u00fablica de los leg\u00edtimos titulares de las mismas.<\/p>\n\n\n\n<p>El Usuario se obliga a usar los contenidos de forma diligente y correcta, de acuerdo a la ley, la moral y el orden p\u00fablico. Soriano i Piqueras autoriza al Usuario para visualizar la informaci\u00f3n que se contiene en este sitio web, as\u00ed como para efectuar reproducciones privadas (simple actividad de descarga y almacenamiento en sus sistemas inform\u00e1ticos), siempre y cuando los elementos sean destinados \u00fanicamente al uso personal. En ning\u00fan caso, ello significar\u00e1 una autorizaci\u00f3n o licencia sobre los derechos de propiedad de Soriano i Piqueras o de los leg\u00edtimos titulares de las mismas.<\/p>\n\n\n\n<p>El Usuario no est\u00e1 autorizado para proceder a la distribuci\u00f3n, modificaci\u00f3n, cesi\u00f3n o comunicaci\u00f3n p\u00fablica de la informaci\u00f3n contenida en esta web en cualquier forma y cualquiera que sea su finalidad.<\/p>\n\n\n\n<p><strong>5. Enlaces<\/strong><\/p>\n\n\n\n<p>Las conexiones y enlaces a sitios o p\u00e1ginas web de terceros se han establecido \u00fanicamente como una utilidad para el Usuario. Soriano i Piqueras. no es, en ning\u00fan caso, responsable de las mismas o de su contenido.<\/p>\n\n\n\n<p>Soriano i Piqueras no asume ninguna responsabilidad derivada de la existencia de enlaces entre los contenidos de esta web y contenidos situados fuera del mismo o de cualquier otra menci\u00f3n de contenidos externos a este sitio. Tales enlaces o menciones tienen una finalidad exclusivamente informativa y, en ning\u00fan caso, implican el apoyo, aprobaci\u00f3n, comercializaci\u00f3n o relaci\u00f3n alguna entre Soriano i Piqueras. y las personas o entidades autoras y\/o gestoras de tales contenidos o titulares de los sitios donde se encuentren.<\/p>\n\n\n\n<p>Para realizar enlaces con la p\u00e1gina web ser\u00e1 necesaria la autorizaci\u00f3n expresa y por escrito del titular de la web.<\/p>\n\n\n\n<p><strong>6. Responsabilidad<\/strong><\/p>\n\n\n\n<p>Soriano i Piqueras no garantiza el acceso continuado, ni la correcta visualizaci\u00f3n, descarga o utilidad de los elementos e informaci\u00f3n contenidos en las p\u00e1ginas del portal que pueden verse impedidos, dificultados o interrumpidos por factores o circunstancias fuera de su control o ajenas a su voluntad, ni de aquellos que sean producidos por la existencia de virus inform\u00e1ticos en Internet.<\/p>\n\n\n\n<p>Soriano i Piqueras no asume responsabilidad alguna por da\u00f1os, perjuicios, p\u00e9rdidas, reclamaciones o gastos, producidos por:<\/p>\n\n\n\n<p>(i) Interferencias, interrupciones, fallos, omisiones, retrasos, bloqueos o desconexiones, motivadas por errores en las l\u00edneas y redes de telecomunicaciones o por cualquier otra causa ajena al control de Soriano i Piqueras;<\/p>\n\n\n\n<p>(ii) Intromisiones ileg\u00edtimas mediante el uso de programas malignos de cualquier tipo y a trav\u00e9s de cualquier medio de comunicaci\u00f3n, tales como virus inform\u00e1ticos o cualesquiera otros;<\/p>\n\n\n\n<p>(iii) Uso indebido o inadecuado de la p\u00e1gina web de Soriano i Piqueras;<\/p>\n\n\n\n<p>(iv) Errores de seguridad o navegaci\u00f3n producidos por un mal funcionamiento del navegador o por el uso de versiones no actualizadas.<\/p>\n\n\n\n<p>Soriano i Piqueras no es responsable ni en ning\u00fan caso responder\u00e1 frente a los Usuarios y a terceros sobre actos de cualquier tercero ajeno a Soriano i Piqueras que conlleve o pueda suponer la realizaci\u00f3n de actos de competencia desleal y publicidad il\u00edcita o la infracci\u00f3n de los derechos de propiedad intelectual e industrial, de los secretos empresariales, de compromisos contractuales de cualquier clase, de los derechos al honor, a la intimidad personal y familiar y a la imagen, de los derechos de propiedad y de toda otra naturaleza pertenecientes a un tercero por raz\u00f3n de la transmisi\u00f3n, difusi\u00f3n, almacenamiento, puesta a disposici\u00f3n, recepci\u00f3n, obtenci\u00f3n o acceso a los contenidos.<\/p>\n\n\n\n<p><strong>7. Protecci\u00f3n de Datos de Car\u00e1cter Personal<\/strong><\/p>\n\n\n\n<p>Toda la pol\u00edtica de tratamiento de datos personales la encontrar\u00e1s en la Pol\u00edtica de Privacidad, que forma parte integrante de estas Condiciones Generales pero que, por simplicidad y claridad, hemos puesto en un documento aparte: Pol\u00edtica de Privacidad.<\/p>\n\n\n\n<p>En esta web no se recaban datos de car\u00e1cter personal. \u00danicamente en el caso en que se ponga en contacto con nosotros para solicitar la prestaci\u00f3n de un servicio de forma voluntaria se recabar\u00e1n los datos imprescindibles para el mismo, siendo la facilitaci\u00f3n de los datos voluntaria y la consecuencia de no facilitarlos la imposibilidad de prestaci\u00f3n del servicio. Tratamos sus datos para identificarle y contactar con usted sobre la base del&nbsp;consentimiento&nbsp;que nos ha prestado previamente porque ha habido un contacto previo por su parte y sobre la base de nuestro&nbsp;inter\u00e9s leg\u00edtimo&nbsp;por atender cualquier petici\u00f3n que nos pueda hacer. Sus datos no ser\u00e1n cedidos a terceros y ser\u00e1n conservados durante el tiempo que resulte necesario a efectos de garantizar el cumplimiento de las obligaciones legales.<\/p>\n\n\n\n<p>Puede ejercer los derechos de acceso, rectificaci\u00f3n, supresi\u00f3n, limitaci\u00f3n, oposici\u00f3n derecho a no ser objeto de una decisi\u00f3n automatizado, incluida la elaboraci\u00f3n de perfiles y portabilidad ante: Soriano i Piqueras, Paseo de la Castellana, 40, 28046 Madrid (Espa\u00f1a) o ante\u00a0<em>info @ sorianoipiqueras.com<\/em>.<\/p>\n\n\n\n<p>Puede ejercer el derecho a presentar una reclamaci\u00f3n ante una autoridad de control (en Espa\u00f1a, la Agencia Espa\u00f1ola de Protecci\u00f3n de Datos, calle de Jorge Juan, 6, 28001, Madrid; www.agpd.es; tel\u00e9fonos: 901 100 099 y 912 663 517), en particular, en relaci\u00f3n con el ejercicio de sus derechos.<\/p>\n\n\n\n<p><strong>8.Nulidad Parcial<\/strong><\/p>\n\n\n\n<p>Si alguna cl\u00e1usula o apartado de las presentes Condiciones Generales, que no sea de naturaleza esencial para la existencia del mismo, es declarada nula o inaplicable, la validez de las restantes cl\u00e1usulas no se ver\u00e1 afectada y permanecer\u00e1n plenamente vigentes.<\/p>\n\n\n\n<p><strong>9. Legislaci\u00f3n<\/strong><\/p>\n\n\n\n<p>El presente Aviso Legal y sus t\u00e9rminos y condiciones se regir\u00e1n e interpretar\u00e1n de acuerdo con la Legislaci\u00f3n Espa\u00f1ola. El Usuario, por el solo hecho de acceder a la p\u00e1gina web u obtener la condici\u00f3n de Usuario registrado otorga, de forma irrevocable, su consentimiento a que los Tribunales de la ciudad de Valencia competentes por defecto puedan conocer de cualquier acci\u00f3n judicial derivada de o relacionada con las presentes Condiciones Generales, o con su uso de esta web o la navegaci\u00f3n realizada por el mismo.<\/p>\n\n\n\n<h2 class=\"wp-block-heading\">Cookies<\/h2>\n\n\n\n<p>Cuando instalaremos varias cookies para guardar tu informaci\u00f3n de acceso y tus opciones de visualizaci\u00f3n de pantalla. Las cookies de acceso duran dos d\u00edas, y las cookies de opciones de pantalla duran un a\u00f1o. Estas cookies no incluye datos personales.<\/p>\n\n\n\n<h2 class=\"wp-block-heading\">Pol\u00edtica de privacidad<\/h2>\n\n\n\n<p>La presente Pol\u00edtica de Privacidad forma parte de las Condiciones Generales que rigen la web&nbsp;<a href=\"https:\/\/www.sorianoipiqueras.com\/\">www.sorianoipiqueras.com<\/a>&nbsp;(la \u201cWeb) y que rigen la relaci\u00f3n con los usuarios que la visiten (los \u201cUsuarios\u201d) y ha sido redactada en cumplimiento de la Ley Org\u00e1nica 3\/2018, de 5 diciembre, de Protecci\u00f3n de Datos Personales y garant\u00eda de los derechos digitales, as\u00ed como el Reglamento General de Protecci\u00f3n de Datos (\u201cRGPD\u201d).<\/p>\n\n\n\n<p><strong>RESPONSABLE DEL TRATAMIENTO.<\/strong><strong><\/strong><\/p>\n\n\n\n<p>El&nbsp;<a>Responsable<\/a>&nbsp;del Tratamiento de datos es SORIANO I PIQUERAS ABOGADOS, S.L.U. (en adelante \u201cSoriano i Piqueras\u201d o \u201c<a>Responsable<\/a>&nbsp;del Tratamiento\u201d.<\/p>\n\n\n\n<ul class=\"wp-block-list\">\n<li>Direcci\u00f3n: Paseo de la Castellana, 40, 28046 Madrid (Espa\u00f1a)\u00a0\u00a0<\/li>\n\n\n\n<li>NIF: B19437920<\/li>\n\n\n\n<li>Tel\u00e9fono:(+34) 91 993 00 59<\/li>\n\n\n\n<li>E-mail de contacto: info @ sorianoipiqueras.com<\/li>\n<\/ul>\n\n\n\n<h5 class=\"wp-block-heading\"><strong>CATEGOR\u00cdAS DE DATOS OBJETO DEL TRATAMIENTO<\/strong><\/h5>\n\n\n\n<p><strong>Datos de navegaci\u00f3n:&nbsp;<\/strong>Podemos tratar la IP de los Usuarios, qu\u00e9 sistema operativo o navegador usan, e incluso la duraci\u00f3n de la visita, de forma an\u00f3nima.&nbsp;<\/p>\n\n\n\n<p><strong>Datos identificativos:<\/strong>&nbsp;Los Usuarios que nos faciliten sus datos personales en el formulario de contacto, tendr\u00e1n que identificarse de forma adecuada para poder contactarles (nombre completo, tel\u00e9fono y\/o email), en caso de que sea necesario.<\/p>\n\n\n\n<p><strong>Datos acad\u00e9micos y profesionales:<\/strong>&nbsp;Soriano i Piqueras podr\u00e1 tratar los datos personales relativos a formaci\u00f3n acad\u00e9mica, titulaciones, pertenencia a colegios profesionales o asociaciones, as\u00ed como experiencia profesional de aquellos Usuarios que nos faciliten sus datos y curr\u00edculum vitae como demandantes de empleo.<\/p>\n\n\n\n<p><strong>FINALIDAD DEL TRATAMIENTO<\/strong><\/p>\n\n\n\n<p>Soriano i Piqueras tratar\u00e1 los datos personales de los Usuarios para cualquiera de las siguientes finalidades:&nbsp;<\/p>\n\n\n\n<ul class=\"wp-block-list\">\n<li>Contestar a consultas, solicitudes o peticiones.<\/li>\n<\/ul>\n\n\n\n<ul class=\"wp-block-list\">\n<li>Gestionar el servicio solicitado, contestar solicitudes, o tramitar peticiones realizadas por el Usuario.<\/li>\n<\/ul>\n\n\n\n<ul class=\"wp-block-list\">\n<li>Informaci\u00f3n por medios electr\u00f3nicos, que versen sobre la solicitud.<\/li>\n<\/ul>\n\n\n\n<ul class=\"wp-block-list\">\n<li>Informaci\u00f3n comercial o de eventos por medios electr\u00f3nicos, siempre que exista autorizaci\u00f3n expresa por parte del Usuario.<\/li>\n<\/ul>\n\n\n\n<ul class=\"wp-block-list\">\n<li>Realizar an\u00e1lisis y mejoras en la Web, sobre nuestros productos y servicios. Mejorar nuestra estrategia comercial.<\/li>\n<\/ul>\n\n\n\n<ul class=\"wp-block-list\">\n<li>Elaboraci\u00f3n de presupuestos solicitados por los Usuarios y realizar seguimiento de los mismos mediante comunicaciones entre ambas partes.<\/li>\n<\/ul>\n\n\n\n<ul class=\"wp-block-list\">\n<li>Organizaci\u00f3n de procesos de selecci\u00f3n para la contrataci\u00f3n de empleados en caso de que los Usuarios hayan facilitado sus datos como demandantes de empleo.<\/li>\n<\/ul>\n\n\n\n<ul class=\"wp-block-list\">\n<li>Citarte para entrevistas de trabajo y evaluar tu candidatura y curr\u00edculum vitae.<\/li>\n<\/ul>\n\n\n\n<p><strong>LEGITIMACI\u00d3N DEL TRATAMIENTO<\/strong><\/p>\n\n\n\n<p>La base que leg\u00edtima el tratamiento de tus datos personales es la atenci\u00f3n a los Usuarios que visiten la Web, bien para consultar o pedir informaci\u00f3n de los productos y servicios de Soriano i Piqueras o bien porque los Usuarios se hayan inscrito a una de nuestras ofertas de empleo o haya remitido voluntariamente tu candidatura espont\u00e1nea.<\/p>\n\n\n\n<p>La aceptaci\u00f3n y consentimiento de los Usuarios interesados, otorgado a trav\u00e9s de una acci\u00f3n voluntaria, como en los casos donde para realizar una solicitud sea necesario cumplimentar un formulario y hacer un&nbsp;<em>\u00abclick\u00bb<\/em>&nbsp;en el bot\u00f3n de enviar, la realizaci\u00f3n del mismo implicar\u00e1 necesariamente que ha sido informado y ha otorgado expresamente su consentimiento al contenido de la cl\u00e1usula anexada a dicho formulario o aceptaci\u00f3n de la pol\u00edtica de privacidad.<\/p>\n\n\n\n<p>Todos nuestros formularios cuentan con el s\u00edmbolo (<strong>*<\/strong>) en los datos obligatorios. Si no facilitas esos campos, o no marcas el&nbsp;<em>checkbox&nbsp;<\/em>de aceptaci\u00f3n de la pol\u00edtica de privacidad, no se permitir\u00e1 el env\u00edo de la informaci\u00f3n.<\/p>\n\n\n\n<p><strong>DURACI\u00d3N DEL TRATAMIENTO<\/strong><\/p>\n\n\n\n<p>La duraci\u00f3n del tratamiento se extender\u00e1 hasta el m\u00e1ximo permitido por la legislaci\u00f3n vigente o hasta que se produzca la revocaci\u00f3n del consentimiento otorgado por parte de los Usuarios de la Web.&nbsp;<\/p>\n\n\n\n<p>En caso de los Usuarios que se hayan registrado como demandantes de empleo, la duraci\u00f3n del tratamiento ser\u00e1 como m\u00e1ximo de 1 a\u00f1o o hasta que se produzca la revocaci\u00f3n del consentimiento.&nbsp;<\/p>\n\n\n\n<p><strong>MENORES DE EDAD<\/strong><\/p>\n\n\n\n<p>No tratamos datos de menores de 14 a\u00f1os, salvo que exista consentimiento expreso de sus padres o tutores legales. Por tanto, abst\u00e9ngase de facilitarlos si no tiene esa edad o, en su caso, de facilitar datos de terceros que no tengan la mayor\u00eda de edad, de acuerdo con la legislaci\u00f3n vigente. Soriano i Piqueras se exime de cualquier responsabilidad por el incumplimiento de esta previsi\u00f3n.<\/p>\n\n\n\n<p><strong>MEDIDAS DE SEGURIDAD<\/strong><\/p>\n\n\n\n<p>Desde Soriano i Piqueras Abogados se ha adoptado un nivel \u00f3ptimo de seguridad de acuerdo con lo dispuesto en el RGPD y la legislaci\u00f3n aplicable, y hemos instalado todos los medios y medidas t\u00e9cnicas a nuestra disposici\u00f3n seg\u00fan el estado de la tecnolog\u00eda para evitar la p\u00e9rdida, mal uso, alteraci\u00f3n, acceso no autorizado y robo de los Datos Personales por parte de terceros.<\/p>\n\n\n\n<p><strong>DESTINATARIOS<\/strong><\/p>\n\n\n\n<p>Los datos de los Usuarios no se ceder\u00e1n a terceros, salvo en aquellos casos en los que exista obligaci\u00f3n legal. A estos efectos, no tendr\u00e1n consideraci\u00f3n de terceros las sociedades filiales que formen parte del grupo Soriano i Piqueras.&nbsp;<\/p>\n\n\n\n<p>En caso de que sean necesarias las transferencias internacionales de datos de los Usuarios fuera del Espacio Econ\u00f3mico Europeo (\u201cEEE\u201d), los Usuarios ser\u00e1n debidamente informados y, en todo caso, sus datos ser\u00e1n tratados de conformidad con las disposiciones del RGPD.&nbsp;<\/p>\n\n\n\n<p><strong>COOKIES<\/strong><\/p>\n\n\n\n<p>Si usamos otro tipo de cookies que no sean las necesarias, podr\u00e1s consultar la Pol\u00edtica de Cookies en el enlace correspondiente desde el inicio de nuestra web.<\/p>\n\n\n\n<p><strong>EJERCICIO DE DERECHOS<\/strong><\/p>\n\n\n\n<p>Los Usuarios tienen la posibilidad solicitar el ejercercicio sus derechos conforme al RGPD y la legislaci\u00f3n aplicable, siendo en todo caso estos derechos:&nbsp;<\/p>\n\n\n\n<ol style=\"list-style-type:lower-alpha\" class=\"wp-block-list\">\n<li>Conocer si se est\u00e1n tratando sus datos personales o no.<\/li>\n\n\n\n<li>Acceso a sus datos personales.<\/li>\n\n\n\n<li>Rectificaci\u00f3n de los datos personales del Usuario si son inexactos.<\/li>\n\n\n\n<li>Supresi\u00f3n de los datos personales si ya no son necesarios para los fines para los que fueron recogidos o si se ha retirado el consentimiento otorgado.<\/li>\n\n\n\n<li>Solicitar la limitaci\u00f3n del tratamiento de los datos personales, en algunos supuestos, en cuyo caso s\u00f3lo se conservar\u00e1n de acuerdo con la normativa vigente.<\/li>\n\n\n\n<li>Solicitar la portabilidad de sus datos personales, que ser\u00e1n facilitados en un formato estructurado, de uso com\u00fan o lectura mec\u00e1nica. Si se prefiere, siempre que sea posible, se podr\u00e1n enviar al nuevo responsable que designado por el Usuario.&nbsp;<\/li>\n\n\n\n<li>A revocar el consentimiento para cualquier tratamiento para el que haya consentido, en cualquier momento.<\/li>\n<\/ol>\n\n\n\n<p>Los Usuarios podr\u00e1n ejercitar sus derechos en cualquier momento y de forma gratuita dirigiendo un correo electr\u00f3nico a&nbsp;<a href=\"mailto:info@sorianoipiqueras.com\">info@sorianoipiqueras.com<\/a>&nbsp;indicando el derecho que desea ejercitar y sus datos identificativos.<\/p>\n\n\n\n<p>En el caso de que los Usuarios consideren que no se han tratado sus datos personales correctamente podr\u00e1n presentar una reclamaci\u00f3n ante la Agencia Espa\u00f1ola de Protecci\u00f3n de Datos (\u201cAEPD\u201d) o autoridad de control competente.<\/p>\n\n\n\n<p><strong>MODIFICACIONES<\/strong><\/p>\n\n\n\n<p>Soriano i Piqueras se reserva el derecho a modificar o adaptar la presente Pol\u00edtica de Privacidad en cualquier momento. Te recomendamos revisar la Pol\u00edtica de Privacidad la Web cada cierto tiempo, si bien notificaremos cualquier modificaci\u00f3n a los Usuarios registrados.<\/p>\n","protected":false},"excerpt":{"rendered":"<p>1. Informaci\u00f3n Legal En cumplimiento de la Ley 34\/2002, de 11 de julio, de Servicios de la Sociedad de la Informaci\u00f3n y del Comercio Electr\u00f3nico, los datos identificativos del titular del portal web son: SORIANO I PIQUERAS ABOGADOS, SLPUPaseo de la Castellana, 40, 28046, Madrid.B19437920Inscrita en el Registro Mercantil de Madrid, secci\u00f3n 8, Hoja M-834011 [&hellip;]<\/p>\n","protected":false},"author":1,"featured_media":0,"parent":0,"menu_order":0,"comment_status":"closed","ping_status":"open","template":"","meta":{"footnotes":""},"class_list":["post-3","page","type-page","status-publish","hentry"],"aioseo_notices":[],"_links":{"self":[{"href":"https:\/\/www.sorianoipiqueras.com\/es_es\/wp-json\/wp\/v2\/pages\/3","targetHints":{"allow":["GET"]}}],"collection":[{"href":"https:\/\/www.sorianoipiqueras.com\/es_es\/wp-json\/wp\/v2\/pages"}],"about":[{"href":"https:\/\/www.sorianoipiqueras.com\/es_es\/wp-json\/wp\/v2\/types\/page"}],"author":[{"embeddable":true,"href":"https:\/\/www.sorianoipiqueras.com\/es_es\/wp-json\/wp\/v2\/users\/1"}],"replies":[{"embeddable":true,"href":"https:\/\/www.sorianoipiqueras.com\/es_es\/wp-json\/wp\/v2\/comments?post=3"}],"version-history":[{"count":19,"href":"https:\/\/www.sorianoipiqueras.com\/es_es\/wp-json\/wp\/v2\/pages\/3\/revisions"}],"predecessor-version":[{"id":1238,"href":"https:\/\/www.sorianoipiqueras.com\/es_es\/wp-json\/wp\/v2\/pages\/3\/revisions\/1238"}],"wp:attachment":[{"href":"https:\/\/www.sorianoipiqueras.com\/es_es\/wp-json\/wp\/v2\/media?parent=3"}],"curies":[{"name":"wp","href":"https:\/\/api.w.org\/{rel}","templated":true}]}}