{"id":583,"date":"2025-02-10T23:53:01","date_gmt":"2025-02-10T22:53:01","guid":{"rendered":"https:\/\/www.sorianoipiqueras.com\/?page_id=583"},"modified":"2025-04-27T00:59:56","modified_gmt":"2025-04-26T22:59:56","slug":"trabajo","status":"publish","type":"page","link":"https:\/\/www.sorianoipiqueras.com\/es_es\/trabajo\/","title":{"rendered":"Pol\u00edtica de excelencia"},"content":{"rendered":"\n<p><strong>Soriano i Piqueras<\/strong> aplica una <strong>pol\u00edtica de excelencia<\/strong> que implica el desarrollo de cada encargo por abogados experimentados y un trato directo con el cliente.<\/p>\n\n\n\n<p>Todos los asuntos de <strong>Soriano i Piqueras<\/strong> son coordinados por el director de la firma y ejecutados por profesionales -socios, <em>of counsel<\/em> o consejeros acad\u00e9micos- de primer nivel y de reconocido prestigio en sus \u00e1reas de pr\u00e1ctica. En <strong>Soriano i Piqueras<\/strong> no hay abogados <em>junior<\/em>.<\/p>\n\n\n\n<p>Aseguramos un nivel de calidad m\u00e1ximo, equiparable al de las firmas m\u00e1s exigentes de la abogac\u00eda de los negocios espa\u00f1ola, en todos los asuntos que aceptamos.<\/p>\n\n\n\n<p>No tenemos vocaci\u00f3n de crecimiento sino de ofrecer la m\u00e1xima calidad. Por ese motivo y dado que nuestra capacidad de trabajo es limitada, <strong>debemos ser selectivos en los nuevos encargos, llegando a no aceptar nuevos asuntos en determinados periodos<\/strong>. <\/p>\n","protected":false},"excerpt":{"rendered":"<p>Soriano i Piqueras aplica una pol\u00edtica de excelencia que implica el desarrollo de cada encargo por abogados experimentados y un trato directo con el cliente. Todos los asuntos de Soriano i Piqueras son coordinados por el director de la firma y ejecutados por profesionales -socios, of counsel o consejeros acad\u00e9micos- de primer nivel y de [&hellip;]<\/p>\n","protected":false},"author":1,"featured_media":0,"parent":0,"menu_order":0,"comment_status":"closed","ping_status":"closed","template":"","meta":{"footnotes":""},"class_list":["post-583","page","type-page","status-publish","hentry"],"aioseo_notices":[],"_links":{"self":[{"href":"https:\/\/www.sorianoipiqueras.com\/es_es\/wp-json\/wp\/v2\/pages\/583","targetHints":{"allow":["GET"]}}],"collection":[{"href":"https:\/\/www.sorianoipiqueras.com\/es_es\/wp-json\/wp\/v2\/pages"}],"about":[{"href":"https:\/\/www.sorianoipiqueras.com\/es_es\/wp-json\/wp\/v2\/types\/page"}],"author":[{"embeddable":true,"href":"https:\/\/www.sorianoipiqueras.com\/es_es\/wp-json\/wp\/v2\/users\/1"}],"replies":[{"embeddable":true,"href":"https:\/\/www.sorianoipiqueras.com\/es_es\/wp-json\/wp\/v2\/comments?post=583"}],"version-history":[{"count":10,"href":"https:\/\/www.sorianoipiqueras.com\/es_es\/wp-json\/wp\/v2\/pages\/583\/revisions"}],"predecessor-version":[{"id":1010,"href":"https:\/\/www.sorianoipiqueras.com\/es_es\/wp-json\/wp\/v2\/pages\/583\/revisions\/1010"}],"wp:attachment":[{"href":"https:\/\/www.sorianoipiqueras.com\/es_es\/wp-json\/wp\/v2\/media?parent=583"}],"curies":[{"name":"wp","href":"https:\/\/api.w.org\/{rel}","templated":true}]}}