{"id":795,"date":"2025-03-14T13:22:08","date_gmt":"2025-03-14T12:22:08","guid":{"rendered":"https:\/\/www.sorianoipiqueras.com\/?page_id=795"},"modified":"2025-03-14T13:38:44","modified_gmt":"2025-03-14T12:38:44","slug":"antonio-lechuga","status":"publish","type":"page","link":"https:\/\/www.sorianoipiqueras.com\/es_es\/antonio-lechuga\/","title":{"rendered":"Antonio Lechuga"},"content":{"rendered":"\n<div class=\"wp-block-columns is-layout-flex wp-container-core-columns-is-layout-28f84493 wp-block-columns-is-layout-flex\">\n<div class=\"wp-block-column is-layout-flow wp-block-column-is-layout-flow\">\n<figure class=\"wp-block-image size-full\"><img loading=\"lazy\" decoding=\"async\" width=\"684\" height=\"610\" src=\"https:\/\/www.sorianoipiqueras.com\/wp-content\/uploads\/2025\/03\/Captura-de-pantalla-2025-03-14-a-las-13.17.23.png\" alt=\"\" class=\"wp-image-796\" style=\"aspect-ratio:3\/2;object-fit:cover\" srcset=\"https:\/\/www.sorianoipiqueras.com\/wp-content\/uploads\/2025\/03\/Captura-de-pantalla-2025-03-14-a-las-13.17.23.png 684w, https:\/\/www.sorianoipiqueras.com\/wp-content\/uploads\/2025\/03\/Captura-de-pantalla-2025-03-14-a-las-13.17.23-300x268.png 300w\" sizes=\"auto, (max-width: 684px) 100vw, 684px\" \/><\/figure>\n<\/div>\n\n\n\n<div class=\"wp-block-column is-layout-flow wp-block-column-is-layout-flow\">\n<p><strong>Antonio Joao Lechuga<\/strong>\u00a0es abogado del despacho del despacho \u00abSoriano i Piqueras\u00bb en la pr\u00e1ctica de derecho procesal, en la oficina de Madrid.<\/p>\n<\/div>\n<\/div>\n\n\n\n<p>Antonio es hispano-brasile\u00f1o y su carrera se ha forjado en el nexo entre Espa\u00f1a e Iberoam\u00e9rica, asesorando en inversiones, negocios y litigios. Tras cuatro a\u00f1os de preparaci\u00f3n para la carrera diplom\u00e1tica espa\u00f1ola, adquir\u00f3 una visi\u00f3n global que he complementado con experiencia en prestigiosos despachos de Londres, S\u00e3o Paulo, Madrid y Barcelona. Su labor se centra en acompa\u00f1ar a empresas y particulares en su aterrizaje en Espa\u00f1a, abarcando desde inmigraci\u00f3n y fiscalidad hasta derecho mercantil y procesal civil. M\u00e1s que asesorar, su objetivo es abrir puertas y construir puentes.<\/p>\n\n\n\n<p><strong>\u00c1reas de pr\u00e1ctica<\/strong><br>Derecho procesal, derecho de extranjer\u00eda, inversiones internacionales<\/p>\n\n\n\n<p><strong>Idiomas<\/strong><br>Castellano, portugu\u00e9s, franc\u00e9s e ingl\u00e9s.<br><br><strong>Formaci\u00f3n<\/strong><br>\u2013\u00a0Licenciado en Derecho\u00a0por la Universidad de Navarra.<br>\u2013 Doble M\u00e1ster de Acceso a la Abogac\u00eda y Pr\u00e1ctica Jur\u00eddica y Derecho de Empresa de la Universidad de Navarra en Madrid.<br>&#8211; Cuatro a\u00f1os de preparaci\u00f3n oposici\u00f3n Carrera Diplom\u00e1tica de Espa\u00f1a.<br><br><strong>Experiencia<\/strong><br>\u2013\u00a0Abogado APC Spanish lawyers and Solicitors- Londres (2011-2012)<br>\u2013\u00a0Abogado inhouse INNEO TORRES BRASIL (SAO PAULO 2012-2014)<br>\u2013 Abogado En Roca Junyent (2014-2015)<br>\u2013 Legal Counsel Farmaconsulting y Profarma Patrimonial (2015-2023)<\/p>\n\n\n\n<p><strong>Publicaciones<\/strong><br>&#8211; Espa\u00f1a: boom de &#8216;golden visas&#8217; Peri\u00f3dico Reforma Ciudad de M\u00e9xico.<\/p>\n\n\n\n<p><strong>Entidades y asociaciones de que es miembro<\/strong><br>Ilustre Colegio de Abogados de Madrid, col. 102.784<br>Asociaci\u00f3n de Abogados Brasile\u00f1os en Espa\u00f1a (Adabe)<br>C\u00e1mara de Comercio Hispano-Argentina<\/p>\n","protected":false},"excerpt":{"rendered":"<p>Antonio Joao Lechuga\u00a0es abogado del despacho del despacho \u00abSoriano i Piqueras\u00bb en la pr\u00e1ctica de derecho procesal, en la oficina de Madrid. Antonio es hispano-brasile\u00f1o y su carrera se ha forjado en el nexo entre Espa\u00f1a e Iberoam\u00e9rica, asesorando en inversiones, negocios y litigios. Tras cuatro a\u00f1os de preparaci\u00f3n para la carrera diplom\u00e1tica espa\u00f1ola, adquir\u00f3 [&hellip;]<\/p>\n","protected":false},"author":1,"featured_media":0,"parent":0,"menu_order":0,"comment_status":"closed","ping_status":"closed","template":"","meta":{"footnotes":""},"class_list":["post-795","page","type-page","status-publish","hentry"],"aioseo_notices":[],"_links":{"self":[{"href":"https:\/\/www.sorianoipiqueras.com\/es_es\/wp-json\/wp\/v2\/pages\/795","targetHints":{"allow":["GET"]}}],"collection":[{"href":"https:\/\/www.sorianoipiqueras.com\/es_es\/wp-json\/wp\/v2\/pages"}],"about":[{"href":"https:\/\/www.sorianoipiqueras.com\/es_es\/wp-json\/wp\/v2\/types\/page"}],"author":[{"embeddable":true,"href":"https:\/\/www.sorianoipiqueras.com\/es_es\/wp-json\/wp\/v2\/users\/1"}],"replies":[{"embeddable":true,"href":"https:\/\/www.sorianoipiqueras.com\/es_es\/wp-json\/wp\/v2\/comments?post=795"}],"version-history":[{"count":1,"href":"https:\/\/www.sorianoipiqueras.com\/es_es\/wp-json\/wp\/v2\/pages\/795\/revisions"}],"predecessor-version":[{"id":797,"href":"https:\/\/www.sorianoipiqueras.com\/es_es\/wp-json\/wp\/v2\/pages\/795\/revisions\/797"}],"wp:attachment":[{"href":"https:\/\/www.sorianoipiqueras.com\/es_es\/wp-json\/wp\/v2\/media?parent=795"}],"curies":[{"name":"wp","href":"https:\/\/api.w.org\/{rel}","templated":true}]}}