{"id":849,"date":"2025-04-16T23:22:24","date_gmt":"2025-04-16T21:22:24","guid":{"rendered":"https:\/\/www.sorianoipiqueras.com\/?page_id=849"},"modified":"2025-04-26T21:08:20","modified_gmt":"2025-04-26T19:08:20","slug":"derecho-privado","status":"publish","type":"page","link":"https:\/\/www.sorianoipiqueras.com\/es_es\/derecho-privado\/","title":{"rendered":"Derecho mercantil e inmobiliario"},"content":{"rendered":"\n<div class=\"wp-block-columns is-layout-flex wp-container-core-columns-is-layout-28f84493 wp-block-columns-is-layout-flex\">\n<div class=\"wp-block-column is-layout-flow wp-block-column-is-layout-flow\">\n<p><strong>Derecho mercantil y societario<\/strong><\/p>\n\n\n\n<p>Redactamos y negociamos contratos y acuerdos mercantiles de alta complejidad para nuestros clientes, as\u00ed como llevamos a cabo la elaboraci\u00f3n de pactos de socios,&nbsp;<em>due&nbsp;diligence<\/em> y operaciones de&nbsp;<em>M&amp;A<\/em>.&nbsp;Asesoramos en la llevanza de las tareas de secretar\u00eda del consejo, acompa\u00f1ando la estrategia corporativa de las empresas que conf\u00edan en nosotros.&nbsp;<\/p>\n<\/div>\n\n\n\n<div class=\"wp-block-column is-layout-flow wp-block-column-is-layout-flow\">\n<p><strong>Derecho inmobiliario<\/strong><\/p>\n\n\n\n<p>Asesoramos a promotores inmobiliarios y a cooperativas de viviendas para llevar a cabo sus proyectos y evitar los riesgos inherentes a la actividad inmobiliaria. Tambi\u00e9n contamos con amplia experiencia en transacciones inmobiliarias y sobre derechos reales (derecho de superficie, derecho de vuelo, etc.) y en la defensa letrada en procedimientos de defectos constructivos.<\/p>\n<\/div>\n<\/div>\n","protected":false},"excerpt":{"rendered":"<p>Derecho mercantil y societario Redactamos y negociamos contratos y acuerdos mercantiles de alta complejidad para nuestros clientes, as\u00ed como llevamos a cabo la elaboraci\u00f3n de pactos de socios,&nbsp;due&nbsp;diligence y operaciones de&nbsp;M&amp;A.&nbsp;Asesoramos en la llevanza de las tareas de secretar\u00eda del consejo, acompa\u00f1ando la estrategia corporativa de las empresas que conf\u00edan en nosotros.&nbsp; Derecho inmobiliario Asesoramos [&hellip;]<\/p>\n","protected":false},"author":1,"featured_media":0,"parent":0,"menu_order":0,"comment_status":"closed","ping_status":"closed","template":"","meta":{"footnotes":""},"class_list":["post-849","page","type-page","status-publish","hentry"],"aioseo_notices":[],"_links":{"self":[{"href":"https:\/\/www.sorianoipiqueras.com\/es_es\/wp-json\/wp\/v2\/pages\/849","targetHints":{"allow":["GET"]}}],"collection":[{"href":"https:\/\/www.sorianoipiqueras.com\/es_es\/wp-json\/wp\/v2\/pages"}],"about":[{"href":"https:\/\/www.sorianoipiqueras.com\/es_es\/wp-json\/wp\/v2\/types\/page"}],"author":[{"embeddable":true,"href":"https:\/\/www.sorianoipiqueras.com\/es_es\/wp-json\/wp\/v2\/users\/1"}],"replies":[{"embeddable":true,"href":"https:\/\/www.sorianoipiqueras.com\/es_es\/wp-json\/wp\/v2\/comments?post=849"}],"version-history":[{"count":2,"href":"https:\/\/www.sorianoipiqueras.com\/es_es\/wp-json\/wp\/v2\/pages\/849\/revisions"}],"predecessor-version":[{"id":958,"href":"https:\/\/www.sorianoipiqueras.com\/es_es\/wp-json\/wp\/v2\/pages\/849\/revisions\/958"}],"wp:attachment":[{"href":"https:\/\/www.sorianoipiqueras.com\/es_es\/wp-json\/wp\/v2\/media?parent=849"}],"curies":[{"name":"wp","href":"https:\/\/api.w.org\/{rel}","templated":true}]}}