{"id":967,"date":"2025-04-26T21:33:51","date_gmt":"2025-04-26T19:33:51","guid":{"rendered":"https:\/\/www.sorianoipiqueras.com\/?page_id=967"},"modified":"2025-12-25T12:19:28","modified_gmt":"2025-12-25T11:19:28","slug":"sectores","status":"publish","type":"page","link":"https:\/\/www.sorianoipiqueras.com\/es_es\/sectores\/","title":{"rendered":"Sectores"},"content":{"rendered":"\n<div class=\"wp-block-columns alignwide is-layout-flex wp-container-core-columns-is-layout-28f84493 wp-block-columns-is-layout-flex\">\n<div class=\"wp-block-column has-foreground-color has-quaternary-background-color has-text-color has-background is-layout-flow wp-block-column-is-layout-flow\">\n<figure class=\"wp-block-image size-full has-custom-border wp-duotone-grayscale\"><img loading=\"lazy\" decoding=\"async\" width=\"990\" height=\"556\" src=\"https:\/\/www.sorianoipiqueras.com\/wp-content\/uploads\/2025\/04\/congresoministros.r_d.2214-684.png-2.webp\" alt=\"\" class=\"wp-image-1004\" style=\"border-top-left-radius:0px;border-top-right-radius:0px;border-bottom-left-radius:0px;border-bottom-right-radius:0px;aspect-ratio:3\/2;object-fit:cover\" srcset=\"https:\/\/www.sorianoipiqueras.com\/wp-content\/uploads\/2025\/04\/congresoministros.r_d.2214-684.png-2.webp 990w, https:\/\/www.sorianoipiqueras.com\/wp-content\/uploads\/2025\/04\/congresoministros.r_d.2214-684.png-2-300x168.webp 300w, https:\/\/www.sorianoipiqueras.com\/wp-content\/uploads\/2025\/04\/congresoministros.r_d.2214-684.png-2-768x431.webp 768w\" sizes=\"auto, (max-width: 990px) 100vw, 990px\" \/><\/figure>\n\n\n\n<div class=\"wp-block-group has-quaternary-background-color has-background is-layout-flow wp-container-core-group-is-layout-e0ea0936 wp-block-group-is-layout-flow\" style=\"margin-top:0px;margin-bottom:0px\">\n<h6 class=\"wp-block-heading has-text-align-left\" id=\"my-story\" style=\"line-height:1\">Administraci\u00f3n p\u00fablica y pol\u00edtica<\/h6>\n<\/div>\n<\/div>\n\n\n\n<div class=\"wp-block-column has-foreground-color has-quaternary-background-color has-text-color has-background is-layout-flow wp-block-column-is-layout-flow\">\n<figure class=\"wp-block-image size-full has-custom-border wp-duotone-grayscale\"><img loading=\"lazy\" decoding=\"async\" width=\"1400\" height=\"600\" src=\"https:\/\/www.sorianoipiqueras.com\/wp-content\/uploads\/2025\/04\/1602-header-applications-construction-cranes-01.jpg\" alt=\"\" class=\"wp-image-1003\" style=\"border-top-left-radius:0px;border-top-right-radius:0px;border-bottom-left-radius:0px;border-bottom-right-radius:0px;aspect-ratio:3\/2;object-fit:cover\" srcset=\"https:\/\/www.sorianoipiqueras.com\/wp-content\/uploads\/2025\/04\/1602-header-applications-construction-cranes-01.jpg 1400w, https:\/\/www.sorianoipiqueras.com\/wp-content\/uploads\/2025\/04\/1602-header-applications-construction-cranes-01-300x129.jpg 300w, https:\/\/www.sorianoipiqueras.com\/wp-content\/uploads\/2025\/04\/1602-header-applications-construction-cranes-01-1024x439.jpg 1024w, https:\/\/www.sorianoipiqueras.com\/wp-content\/uploads\/2025\/04\/1602-header-applications-construction-cranes-01-768x329.jpg 768w\" sizes=\"auto, (max-width: 1400px) 100vw, 1400px\" \/><\/figure>\n\n\n\n<div class=\"wp-block-group has-quaternary-background-color has-background is-layout-flow wp-container-core-group-is-layout-8cfe5ef5 wp-block-group-is-layout-flow\" style=\"margin-top:0px;margin-bottom:0px\">\n<h6 class=\"wp-block-heading has-text-align-left\" id=\"my-story\" style=\"line-height:1\">Sector inmobiliario<\/h6>\n<\/div>\n<\/div>\n\n\n\n<div class=\"wp-block-column has-foreground-color has-quaternary-background-color has-text-color has-background is-layout-flow wp-block-column-is-layout-flow\">\n<figure class=\"wp-block-image size-full has-custom-border wp-duotone-grayscale\"><img loading=\"lazy\" decoding=\"async\" width=\"1024\" height=\"683\" src=\"https:\/\/www.sorianoipiqueras.com\/wp-content\/uploads\/2025\/03\/429509131.jpg\" alt=\"\" class=\"wp-image-748\" style=\"border-top-left-radius:0px;border-top-right-radius:0px;border-bottom-left-radius:0px;border-bottom-right-radius:0px;aspect-ratio:3\/2;object-fit:cover\" srcset=\"https:\/\/www.sorianoipiqueras.com\/wp-content\/uploads\/2025\/03\/429509131.jpg 1024w, https:\/\/www.sorianoipiqueras.com\/wp-content\/uploads\/2025\/03\/429509131-300x200.jpg 300w, https:\/\/www.sorianoipiqueras.com\/wp-content\/uploads\/2025\/03\/429509131-768x512.jpg 768w\" sizes=\"auto, (max-width: 1024px) 100vw, 1024px\" \/><\/figure>\n\n\n\n<div class=\"wp-block-group has-quaternary-background-color has-background is-layout-flow wp-container-core-group-is-layout-8cfe5ef5 wp-block-group-is-layout-flow\" style=\"margin-top:0px;margin-bottom:0px\">\n<h6 class=\"wp-block-heading has-text-align-left\" id=\"my-story\" style=\"line-height:1\">Alojamiento tur\u00edstico<\/h6>\n<\/div>\n<\/div>\n<\/div>\n\n\n\n<div class=\"wp-block-columns alignwide is-layout-flex wp-container-core-columns-is-layout-28f84493 wp-block-columns-is-layout-flex\">\n<div class=\"wp-block-column has-foreground-color has-quaternary-background-color has-text-color has-background is-layout-flow wp-block-column-is-layout-flow\">\n<figure class=\"wp-block-image size-full has-custom-border wp-duotone-grayscale\"><img loading=\"lazy\" decoding=\"async\" width=\"750\" height=\"420\" src=\"https:\/\/www.sorianoipiqueras.com\/wp-content\/uploads\/2025\/04\/La-red-de-Estaciones-de-Servicio-Shell-celebra-su-Dia-de-la-Seguridad.jpg\" alt=\"\" class=\"wp-image-1002\" style=\"border-top-left-radius:0px;border-top-right-radius:0px;border-bottom-left-radius:0px;border-bottom-right-radius:0px;aspect-ratio:3\/2;object-fit:cover\" srcset=\"https:\/\/www.sorianoipiqueras.com\/wp-content\/uploads\/2025\/04\/La-red-de-Estaciones-de-Servicio-Shell-celebra-su-Dia-de-la-Seguridad.jpg 750w, https:\/\/www.sorianoipiqueras.com\/wp-content\/uploads\/2025\/04\/La-red-de-Estaciones-de-Servicio-Shell-celebra-su-Dia-de-la-Seguridad-300x168.jpg 300w\" sizes=\"auto, (max-width: 750px) 100vw, 750px\" \/><\/figure>\n\n\n\n<div class=\"wp-block-group has-quaternary-background-color has-background is-layout-flow wp-container-core-group-is-layout-e0ea0936 wp-block-group-is-layout-flow\" style=\"margin-top:0px;margin-bottom:0px\">\n<h6 class=\"wp-block-heading has-text-align-left\" id=\"my-story\" style=\"line-height:1\">Hidrocarburos y energ\u00eda<\/h6>\n<\/div>\n<\/div>\n\n\n\n<div class=\"wp-block-column has-foreground-color has-quaternary-background-color has-text-color has-background is-layout-flow wp-block-column-is-layout-flow\">\n<figure class=\"wp-block-image size-full has-custom-border wp-duotone-grayscale\"><img loading=\"lazy\" decoding=\"async\" width=\"2560\" height=\"1920\" src=\"https:\/\/www.sorianoipiqueras.com\/wp-content\/uploads\/2025\/05\/0C008970-6658-44F2-83CA-3F3247CFF556-scaled.jpeg\" alt=\"\" class=\"wp-image-1031\" style=\"border-top-left-radius:0px;border-top-right-radius:0px;border-bottom-left-radius:0px;border-bottom-right-radius:0px;aspect-ratio:3\/2;object-fit:cover\" srcset=\"https:\/\/www.sorianoipiqueras.com\/wp-content\/uploads\/2025\/05\/0C008970-6658-44F2-83CA-3F3247CFF556-scaled.jpeg 2560w, https:\/\/www.sorianoipiqueras.com\/wp-content\/uploads\/2025\/05\/0C008970-6658-44F2-83CA-3F3247CFF556-300x225.jpeg 300w, https:\/\/www.sorianoipiqueras.com\/wp-content\/uploads\/2025\/05\/0C008970-6658-44F2-83CA-3F3247CFF556-1024x768.jpeg 1024w, https:\/\/www.sorianoipiqueras.com\/wp-content\/uploads\/2025\/05\/0C008970-6658-44F2-83CA-3F3247CFF556-768x576.jpeg 768w, https:\/\/www.sorianoipiqueras.com\/wp-content\/uploads\/2025\/05\/0C008970-6658-44F2-83CA-3F3247CFF556-1536x1152.jpeg 1536w, https:\/\/www.sorianoipiqueras.com\/wp-content\/uploads\/2025\/05\/0C008970-6658-44F2-83CA-3F3247CFF556-2048x1536.jpeg 2048w, https:\/\/www.sorianoipiqueras.com\/wp-content\/uploads\/2025\/05\/0C008970-6658-44F2-83CA-3F3247CFF556-16x12.jpeg 16w\" sizes=\"auto, (max-width: 2560px) 100vw, 2560px\" \/><\/figure>\n\n\n\n<div class=\"wp-block-group has-quaternary-background-color has-background is-layout-flow wp-container-core-group-is-layout-8cfe5ef5 wp-block-group-is-layout-flow\" style=\"margin-top:0px;margin-bottom:0px\">\n<h6 class=\"wp-block-heading has-text-align-left\" id=\"my-story\" style=\"font-style:italic;font-weight:400;line-height:1\">Desk italiano<\/h6>\n<\/div>\n<\/div>\n\n\n\n<div class=\"wp-block-column has-foreground-color has-quaternary-background-color has-text-color has-background is-layout-flow wp-block-column-is-layout-flow\">\n<figure class=\"wp-block-image size-full has-custom-border wp-duotone-grayscale\"><img loading=\"lazy\" decoding=\"async\" width=\"1024\" height=\"683\" src=\"https:\/\/www.sorianoipiqueras.com\/wp-content\/uploads\/2025\/03\/429509131.jpg\" alt=\"\" class=\"wp-image-748\" style=\"border-top-left-radius:0px;border-top-right-radius:0px;border-bottom-left-radius:0px;border-bottom-right-radius:0px;aspect-ratio:3\/2;object-fit:cover\" srcset=\"https:\/\/www.sorianoipiqueras.com\/wp-content\/uploads\/2025\/03\/429509131.jpg 1024w, https:\/\/www.sorianoipiqueras.com\/wp-content\/uploads\/2025\/03\/429509131-300x200.jpg 300w, https:\/\/www.sorianoipiqueras.com\/wp-content\/uploads\/2025\/03\/429509131-768x512.jpg 768w\" sizes=\"auto, (max-width: 1024px) 100vw, 1024px\" \/><\/figure>\n\n\n\n<div class=\"wp-block-group has-quaternary-background-color has-background is-layout-flow wp-container-core-group-is-layout-8cfe5ef5 wp-block-group-is-layout-flow\" style=\"margin-top:0px;margin-bottom:0px\">\n<h6 class=\"wp-block-heading has-text-align-left\" id=\"my-story\" style=\"font-style:italic;font-weight:400;line-height:1\">Desk Ibiza<\/h6>\n<\/div>\n<\/div>\n<\/div>\n","protected":false},"excerpt":{"rendered":"<p>Administraci\u00f3n p\u00fablica y pol\u00edtica Sector inmobiliario Alojamiento tur\u00edstico Hidrocarburos y energ\u00eda Desk italiano Desk Ibiza<\/p>\n","protected":false},"author":1,"featured_media":0,"parent":0,"menu_order":0,"comment_status":"closed","ping_status":"closed","template":"","meta":{"footnotes":""},"class_list":["post-967","page","type-page","status-publish","hentry"],"aioseo_notices":[],"_links":{"self":[{"href":"https:\/\/www.sorianoipiqueras.com\/es_es\/wp-json\/wp\/v2\/pages\/967","targetHints":{"allow":["GET"]}}],"collection":[{"href":"https:\/\/www.sorianoipiqueras.com\/es_es\/wp-json\/wp\/v2\/pages"}],"about":[{"href":"https:\/\/www.sorianoipiqueras.com\/es_es\/wp-json\/wp\/v2\/types\/page"}],"author":[{"embeddable":true,"href":"https:\/\/www.sorianoipiqueras.com\/es_es\/wp-json\/wp\/v2\/users\/1"}],"replies":[{"embeddable":true,"href":"https:\/\/www.sorianoipiqueras.com\/es_es\/wp-json\/wp\/v2\/comments?post=967"}],"version-history":[{"count":8,"href":"https:\/\/www.sorianoipiqueras.com\/es_es\/wp-json\/wp\/v2\/pages\/967\/revisions"}],"predecessor-version":[{"id":1254,"href":"https:\/\/www.sorianoipiqueras.com\/es_es\/wp-json\/wp\/v2\/pages\/967\/revisions\/1254"}],"wp:attachment":[{"href":"https:\/\/www.sorianoipiqueras.com\/es_es\/wp-json\/wp\/v2\/media?parent=967"}],"curies":[{"name":"wp","href":"https:\/\/api.w.org\/{rel}","templated":true}]}}