{"id":1107,"date":"2025-07-13T22:22:03","date_gmt":"2025-07-13T20:22:03","guid":{"rendered":"https:\/\/www.sorianoipiqueras.com\/?page_id=1107"},"modified":"2026-03-24T01:57:40","modified_gmt":"2026-03-24T00:57:40","slug":"nosotros","status":"publish","type":"page","link":"https:\/\/www.sorianoipiqueras.com\/it\/nosotros\/","title":{"rendered":"Nosotros"},"content":{"rendered":"<div class=\"wp-block-columns alignwide is-layout-flex wp-container-core-columns-is-layout-28f84493 wp-block-columns-is-layout-flex\">\n<div class=\"wp-block-column has-foreground-color has-quaternary-background-color has-text-color has-background is-layout-flow wp-block-column-is-layout-flow\">\n<div class=\"wp-block-group has-quaternary-background-color has-background is-layout-flow wp-container-core-group-is-layout-e0ea0936 wp-block-group-is-layout-flow\" style=\"margin-top:0px;margin-bottom:0px\">\n<h6 class=\"wp-block-heading has-text-align-left\" id=\"my-story\" style=\"line-height:1\">Studio<\/h6>\n\n\n\n<p><strong>Soriano i Piqueras es una boutique jur\u00eddica especializada en la resoluci\u00f3n de conflictos complejos en el \u00e1mbito del derecho administrativo y urbanismo y el derecho penal administrativo y econ\u00f3mico. Intervenimos en situaciones donde el problema jur\u00eddico no es est\u00e1ndar, donde existe un riesgo real \u2014econ\u00f3mico, operativo o reputacional\u2014 y donde es necesaria una estrategia de alto nivel.<\/strong><\/p>\n\n\n\n<p>Nuestra pr\u00e1ctica se centra en asuntos en los que convergen distintos planos: causas penales vinculadas a la actividad empresarial o pol\u00edtica, expedientes sancionadores de elevada cuant\u00eda, procedimientos contencioso-administrativos estrat\u00e9gicos o conflictos urban\u00edsticos de especial complejidad. Actuamos en contextos en los que la intervenci\u00f3n jur\u00eddica no puede limitarse a un enfoque parcial, sino que exige una visi\u00f3n integral del problema y una direcci\u00f3n t\u00e9cnica precisa.<\/p>\n\n\n\n<p>Nuestros profesionales participan de forma recurrente en asuntos de relevancia p\u00fablica, lo que se traduce en una presencia habitual en medios de comunicaci\u00f3n y en el debate p\u00fablico, lo que se traduce en una extensa experiencia en la gesti\u00f3n del riesgo reputacional aparejado a los procedimientos judiciales y en la proyecci\u00f3n p\u00fablica de los intereses del cliente. <\/p>\n\n\n\n<p>No somos un despacho generalista ni una firma de volumen. Cada asunto es dirigido directamente por el socio responsable y ejecutado por profesionales con experiencia contrastada, sin estructuras de trabajo basadas en perfiles junior. Este modelo nos permite mantener un alto nivel de implicaci\u00f3n, seleccionar los asuntos en los que intervenimos y ofrecer un asesoramiento altamente especializado.<\/p>\n\n\n\n<p>Trabajamos con clientes que se enfrentan a situaciones jur\u00eddicas complejas. Por ello, el despacho integra capacidades en derecho procesal y mercantil, como soporte natural de los asuntos principales, permitiendo abordar de forma integral las situaciones que presentan implicaciones patrimoniales, societarias o contractuales. Nuestro objetivo es resolver el problema en su conjunto, con una aproximaci\u00f3n que tenga en cuenta todas sus implicaciones.<\/p>\n<\/div>\n<\/div>\n<\/div>","protected":false},"excerpt":{"rendered":"<p>La firma Soriano i Piqueras es una boutique jur\u00eddica especializada en la resoluci\u00f3n de conflictos complejos en el \u00e1mbito del derecho administrativo y urbanismo y el derecho penal administrativo y econ\u00f3mico. Intervenimos en situaciones donde el problema jur\u00eddico no es est\u00e1ndar, donde existe un riesgo real \u2014econ\u00f3mico, operativo o reputacional\u2014 y donde es necesaria una [&hellip;]<\/p>","protected":false},"author":1,"featured_media":0,"parent":0,"menu_order":0,"comment_status":"closed","ping_status":"closed","template":"","meta":{"footnotes":""},"class_list":["post-1107","page","type-page","status-publish","hentry"],"aioseo_notices":[],"_links":{"self":[{"href":"https:\/\/www.sorianoipiqueras.com\/it\/wp-json\/wp\/v2\/pages\/1107","targetHints":{"allow":["GET"]}}],"collection":[{"href":"https:\/\/www.sorianoipiqueras.com\/it\/wp-json\/wp\/v2\/pages"}],"about":[{"href":"https:\/\/www.sorianoipiqueras.com\/it\/wp-json\/wp\/v2\/types\/page"}],"author":[{"embeddable":true,"href":"https:\/\/www.sorianoipiqueras.com\/it\/wp-json\/wp\/v2\/users\/1"}],"replies":[{"embeddable":true,"href":"https:\/\/www.sorianoipiqueras.com\/it\/wp-json\/wp\/v2\/comments?post=1107"}],"version-history":[{"count":11,"href":"https:\/\/www.sorianoipiqueras.com\/it\/wp-json\/wp\/v2\/pages\/1107\/revisions"}],"predecessor-version":[{"id":1311,"href":"https:\/\/www.sorianoipiqueras.com\/it\/wp-json\/wp\/v2\/pages\/1107\/revisions\/1311"}],"wp:attachment":[{"href":"https:\/\/www.sorianoipiqueras.com\/it\/wp-json\/wp\/v2\/media?parent=1107"}],"curies":[{"name":"wp","href":"https:\/\/api.w.org\/{rel}","templated":true}]}}