{"id":1201,"date":"2025-11-21T00:45:58","date_gmt":"2025-11-20T23:45:58","guid":{"rendered":"https:\/\/www.sorianoipiqueras.com\/?page_id=1201"},"modified":"2025-11-21T00:45:59","modified_gmt":"2025-11-20T23:45:59","slug":"prensa","status":"publish","type":"page","link":"https:\/\/www.sorianoipiqueras.com\/it\/prensa\/","title":{"rendered":"Stampa"},"content":{"rendered":"<div class=\"wp-block-columns alignwide is-layout-flex wp-container-core-columns-is-layout-28f84493 wp-block-columns-is-layout-flex\">\n<div class=\"wp-block-column has-foreground-color has-quaternary-background-color has-text-color has-background is-layout-flow wp-block-column-is-layout-flow\">\n<div class=\"wp-block-group has-quaternary-background-color has-background is-layout-flow wp-container-core-group-is-layout-e0ea0936 wp-block-group-is-layout-flow\" style=\"margin-top:0px;margin-bottom:0px\">\n<h6 class=\"wp-block-heading has-text-align-left\" id=\"my-story\" style=\"line-height:1\"><em><a href=\"https:\/\/valenciaplaza.com\/valenciaplaza\/tierra-de-empresas\/victor-soriano-de-abogado-del-ppcv-a-referente-nacional-en-derecho-penal-administrativo\">V\u00edctor Soriano: de abogado del PPCV a referente nacional en derecho penal administrativo<\/a><\/em>, Valenciaplaza<\/h6>\n<\/div>\n<\/div>\n\n\n\n<div class=\"wp-block-column has-foreground-color has-quaternary-background-color has-text-color has-background is-layout-flow wp-block-column-is-layout-flow\">\n<div class=\"wp-block-group has-quaternary-background-color has-background is-layout-flow wp-container-core-group-is-layout-8cfe5ef5 wp-block-group-is-layout-flow\" style=\"margin-top:0px;margin-bottom:0px\">\n<h6 class=\"wp-block-heading has-text-align-left\" id=\"my-story\" style=\"line-height:1\"><a href=\"https:\/\/www.lasprovincias.es\/sociedad\/despacho-abogados-valenciano-referente-acusaciones-penales-elitistas-20251013014040-nt.html\"><em>Un despacho de abogados valenciano, referente en las acusaciones penales m\u00e1s elitistas de Espa\u00f1a<\/em><\/a>, Las Provincias<\/h6>\n<\/div>\n<\/div>\n<\/div>\n\n\n\n<div class=\"wp-block-columns alignwide is-layout-flex wp-container-core-columns-is-layout-28f84493 wp-block-columns-is-layout-flex\">\n<div class=\"wp-block-column has-foreground-color has-quaternary-background-color has-text-color has-background is-layout-flow wp-block-column-is-layout-flow\">\n<div class=\"wp-block-group has-quaternary-background-color has-background is-layout-flow wp-container-core-group-is-layout-e0ea0936 wp-block-group-is-layout-flow\" style=\"margin-top:0px;margin-bottom:0px\">\n<h6 class=\"wp-block-heading has-text-align-left\" id=\"my-story\" style=\"line-height:1\"><a href=\"https:\/\/okdiario.com\/espana\/victor-soriano-abogado-que-salva-politicos-actores-futbolistas-delitos-urbanisticos-14235531\/amp\"><em>V\u00edctor Soriano, el abogado que salva a pol\u00edticos, actores y futbolistas de delitos urban\u00edsticos\u00a0<\/em><\/a>, OkDiario<\/h6>\n<\/div>\n<\/div>\n\n\n\n<div class=\"wp-block-column has-foreground-color has-quaternary-background-color has-text-color has-background is-layout-flow wp-block-column-is-layout-flow\">\n<div class=\"wp-block-group has-quaternary-background-color has-background is-layout-flow wp-container-core-group-is-layout-8cfe5ef5 wp-block-group-is-layout-flow\" style=\"margin-top:0px;margin-bottom:0px\">\n<h6 class=\"wp-block-heading has-text-align-left\" id=\"my-story\" style=\"line-height:1\"><a href=\"https:\/\/www.lawyerpress.com\/2025\/03\/24\/el-valenciano-victor-soriano-reconocido-en-el-top-10-de-mejores-abogados-penalistas-de-espana\/\"><em>El valenciano V\u00edctor Soriano, reconocido en el \u2018Top 10\u2019 de mejores abogados penalistas de Espa\u00f1a<\/em><\/a>, Lawyerpress<\/h6>\n<\/div>\n<\/div>\n<\/div>\n\n\n\n<div class=\"wp-block-columns alignwide is-layout-flex wp-container-core-columns-is-layout-28f84493 wp-block-columns-is-layout-flex\">\n<div class=\"wp-block-column has-foreground-color has-quaternary-background-color has-text-color has-background is-layout-flow wp-block-column-is-layout-flow\">\n<div class=\"wp-block-group has-quaternary-background-color has-background is-layout-flow wp-container-core-group-is-layout-e0ea0936 wp-block-group-is-layout-flow\" style=\"margin-top:0px;margin-bottom:0px\">\n<h6 class=\"wp-block-heading has-text-align-left\" id=\"my-story\" style=\"line-height:1\"><a href=\"https:\/\/www.ultimahora.es\/noticias\/local\/2025\/03\/06\/2334075\/victor-soriano-abogado-victor-soriano-referente-derecho-penal-corrupcion-urbanismo-abre-despacho-palma.html\"><em>El abogado V\u00edctor Soriano, referente en derecho penal de corrupci\u00f3n y urbanismo, abre despacho en Palma<\/em><\/a>, \u00daltima Hora<\/h6>\n<\/div>\n<\/div>\n\n\n\n<div class=\"wp-block-column has-foreground-color has-quaternary-background-color has-text-color has-background is-layout-flow wp-block-column-is-layout-flow\">\n<div class=\"wp-block-group has-quaternary-background-color has-background is-layout-flow wp-container-core-group-is-layout-8cfe5ef5 wp-block-group-is-layout-flow\" style=\"margin-top:0px;margin-bottom:0px\">\n<h6 class=\"wp-block-heading has-text-align-left\" id=\"my-story\" style=\"line-height:1\"><a href=\"https:\/\/www.lawyerpress.com\/2025\/02\/05\/victor-soriano-el-abogado-de-futbolistas-y-promotores-que-asesora-al-pp-y-acusa-al-fiscal-general-la-defensa-penal-no-entiende-de-ideologias\/\"><em>V\u00edctor Soriano, el abogado de futbolistas y promotores, que asesora al PP y acusa al fiscal general: \u00abla defensa penal no entiende de ideolog\u00edas\u00bb<\/em><\/a>, Lawyerpress<\/h6>\n<\/div>\n<\/div>\n<\/div>\n\n\n\n<div class=\"wp-block-columns alignwide is-layout-flex wp-container-core-columns-is-layout-28f84493 wp-block-columns-is-layout-flex\">\n<div class=\"wp-block-column has-foreground-color has-quaternary-background-color has-text-color has-background is-layout-flow wp-block-column-is-layout-flow\">\n<div class=\"wp-block-group has-quaternary-background-color has-background is-layout-flow wp-container-core-group-is-layout-e0ea0936 wp-block-group-is-layout-flow\" style=\"margin-top:0px;margin-bottom:0px\">\n<h6 class=\"wp-block-heading has-text-align-left\" id=\"my-story\" style=\"line-height:1\"><a href=\"https:\/\/www.diariodeibiza.es\/empresas-en-ibiza\/2025\/03\/13\/hotel-montesol-acoge-presentacion-bufete-115243411.html\"><em>El hotel Montesol acoge la presentaci\u00f3n del bufete Soriano i Piqueras con un evento sobre urbanismo<\/em><\/a>, Diario de Ibiza<\/h6>\n<\/div>\n<\/div>\n\n\n\n<div class=\"wp-block-column has-foreground-color has-quaternary-background-color has-text-color has-background is-layout-flow wp-block-column-is-layout-flow\">\n<div class=\"wp-block-group has-quaternary-background-color has-background is-layout-flow wp-container-core-group-is-layout-8cfe5ef5 wp-block-group-is-layout-flow\" style=\"margin-top:0px;margin-bottom:0px\">\n<h6 class=\"wp-block-heading has-text-align-left\" id=\"my-story\" style=\"line-height:1\"><a href=\"https:\/\/www.elperiodicodeaqui.com\/epda-noticias-amp\/victor-soriano-abogado-y-asesor-del-pp-en-el-senado-dirige-la-acusacion-popular-contra-el-fiscal-general-del-estado\/358421\"><em>V\u00edctor Soriano, abogado y asesor del PP en el Senado, dirige la acusaci\u00f3n popular contra el fiscal general del Estado<\/em><\/a>, El Peri\u00f3dico de Aqu\u00ed<\/h6>\n<\/div>\n<\/div>\n<\/div>\n\n\n\n<div class=\"wp-block-columns alignwide is-layout-flex wp-container-core-columns-is-layout-28f84493 wp-block-columns-is-layout-flex\">\n<div class=\"wp-block-column has-foreground-color has-quaternary-background-color has-text-color has-background is-layout-flow wp-block-column-is-layout-flow\">\n<div class=\"wp-block-group has-quaternary-background-color has-background is-layout-flow wp-container-core-group-is-layout-e0ea0936 wp-block-group-is-layout-flow\" style=\"margin-top:0px;margin-bottom:0px\">\n<h6 class=\"wp-block-heading has-text-align-left\" id=\"my-story\" style=\"line-height:1\"><a href=\"https:\/\/www.ultimahora.es\/noticias\/local\/2025\/03\/06\/2334075\/victor-soriano-abogado-victor-soriano-referente-derecho-penal-corrupcion-urbanismo-abre-despacho-palma.html\"><em>El abogado V\u00edctor Soriano, referente en derecho penal de corrupci\u00f3n y urbanismo, abre despacho en Palma<\/em><\/a>, \u00daltima Hora<\/h6>\n<\/div>\n<\/div>\n\n\n\n<div class=\"wp-block-column has-foreground-color has-quaternary-background-color has-text-color has-background is-layout-flow wp-block-column-is-layout-flow\">\n<div class=\"wp-block-group has-quaternary-background-color has-background is-layout-flow wp-container-core-group-is-layout-8cfe5ef5 wp-block-group-is-layout-flow\" style=\"margin-top:0px;margin-bottom:0px\">\n<h6 class=\"wp-block-heading has-text-align-left\" id=\"my-story\" style=\"line-height:1\"><a href=\"https:\/\/www.periodicodeibiza.es\/pitiusas\/ibiza\/2025\/03\/28\/2355355\/victor-soriano-abogado-llevaremos-tribunales-nuevo-pgou-sant-josep-llega-aprobarse.html\"><em>V\u00edctor Soriano, abogado: \u00abllevaremos a los tribunales el nuevo PGOU de Sant Josep si llega a aprobarse\u00bb<\/em><\/a>, Peri\u00f3dico de Ibiza y Formentera<\/h6>\n<\/div>\n<\/div>\n<\/div>\n\n\n\n<div class=\"wp-block-columns alignwide is-layout-flex wp-container-core-columns-is-layout-28f84493 wp-block-columns-is-layout-flex\">\n<div class=\"wp-block-column has-foreground-color has-quaternary-background-color has-text-color has-background is-layout-flow wp-block-column-is-layout-flow\">\n<div class=\"wp-block-group has-quaternary-background-color has-background is-layout-flow wp-container-core-group-is-layout-e0ea0936 wp-block-group-is-layout-flow\" style=\"margin-top:0px;margin-bottom:0px\">\n<h6 class=\"wp-block-heading has-text-align-left\" id=\"my-story\" style=\"line-height:1\"><a href=\"https:\/\/www.elperiodicodeaqui.com\/epda-noticias-amp\/la-firma-valenciana-soriano-i-piqueras-unico-despacho-espanol-en-acceder-a-bestlawyers-en-su-primer-ano-de-vida\/329661\"><em>La firma valenciana \u00abSoriano i Piqueras\u00bb, \u00fanico despacho espa\u00f1ol en acceder a BestLawyers en su primer a\u00f1o de vida<\/em><\/a>, El Peri\u00f3dico de Aqu\u00ed<\/h6>\n<\/div>\n<\/div>\n\n\n\n<div class=\"wp-block-column has-foreground-color has-quaternary-background-color has-text-color has-background is-layout-flow wp-block-column-is-layout-flow\">\n<div class=\"wp-block-group has-quaternary-background-color has-background is-layout-flow wp-container-core-group-is-layout-8cfe5ef5 wp-block-group-is-layout-flow\" style=\"margin-top:0px;margin-bottom:0px\">\n<h6 class=\"wp-block-heading has-text-align-left\" id=\"my-story\" style=\"line-height:1\"><a href=\"https:\/\/www.lasprovincias.es\/politica\/abogado-corts-deja-20220917113413-nt.html\"><em>El abogado del PP en Les Corts deja su plaza de asesor y se reincorpora a G\u00f3mez-Acebo &amp; Pombo<\/em><\/a>, Las Provincias<\/h6>\n<\/div>\n<\/div>\n<\/div>\n\n\n\n<div class=\"wp-block-columns alignwide is-layout-flex wp-container-core-columns-is-layout-28f84493 wp-block-columns-is-layout-flex\">\n<div class=\"wp-block-column has-foreground-color has-quaternary-background-color has-text-color has-background is-layout-flow wp-block-column-is-layout-flow\">\n<div class=\"wp-block-group has-quaternary-background-color has-background is-layout-flow wp-container-core-group-is-layout-e0ea0936 wp-block-group-is-layout-flow\" style=\"margin-top:0px;margin-bottom:0px\">\n<h6 class=\"wp-block-heading has-text-align-left\" id=\"my-story\" style=\"line-height:1\"><a href=\"https:\/\/www.elespanol.com\/valencia\/20240214\/pp-ficha-asesor-senado-abogado-partido-caso-hermano-ximo-puig\/832417000_0.html\"><em>El PP ficha como asesor en el Senado al abogado del partido en el caso contra el hermano de Ximo Puig<\/em><\/a>, El Espa\u00f1ol<\/h6>\n<\/div>\n<\/div>\n\n\n\n<div class=\"wp-block-column has-foreground-color has-quaternary-background-color has-text-color has-background is-layout-flow wp-block-column-is-layout-flow\">\n<div class=\"wp-block-group has-quaternary-background-color has-background is-layout-flow wp-container-core-group-is-layout-8cfe5ef5 wp-block-group-is-layout-flow\" style=\"margin-top:0px;margin-bottom:0px\">\n<h6 class=\"wp-block-heading has-text-align-left\" id=\"my-story\" style=\"line-height:1\"><a href=\"https:\/\/valencia.elperiodicodeaqui.com\/epda-noticias\/la-exalcaldesa-de-catarroja-m-ngeles-lopez-se-incorpora-a-la-firma-de-abogados-soriano-i-piqueras\/340716\"><em>La exalcaldesa de Catarroja M. \u00c1ngeles L\u00f3pez se incorpora a la firma de abogados \u00abSoriano i Piqueras\u00bb<\/em><\/a>, El Peri\u00f3dico de Aqu\u00ed<\/h6>\n<\/div>\n<\/div>\n<\/div>\n\n\n\n<div class=\"wp-block-columns alignwide is-layout-flex wp-container-core-columns-is-layout-28f84493 wp-block-columns-is-layout-flex\">\n<div class=\"wp-block-column has-foreground-color has-quaternary-background-color has-text-color has-background is-layout-flow wp-block-column-is-layout-flow\">\n<div class=\"wp-block-group has-quaternary-background-color has-background is-layout-flow wp-container-core-group-is-layout-e0ea0936 wp-block-group-is-layout-flow\" style=\"margin-top:0px;margin-bottom:0px\">\n<h6 class=\"wp-block-heading has-text-align-left\" id=\"my-story\" style=\"line-height:1\"><a href=\"https:\/\/www.lawyerpress.com\/2024\/09\/30\/jose-luis-pantoja-se-incorpora-a-soriano-i-piqueras-liderando-la-practica-de-derecho-mercantil-y-de-la-energia-en-madrid\/\"><em>Jos\u00e9 Luis Pantoja se incorpora a \u00abSoriano i Piqueras\u00bb liderando la pr\u00e1ctica de derecho mercantil y de la energ\u00eda en Madrid<\/em><\/a>, Lawyerpress<\/h6>\n<\/div>\n<\/div>\n\n\n\n<div class=\"wp-block-column has-foreground-color has-quaternary-background-color has-text-color has-background is-layout-flow wp-block-column-is-layout-flow\">\n<div class=\"wp-block-group has-quaternary-background-color has-background is-layout-flow wp-container-core-group-is-layout-8cfe5ef5 wp-block-group-is-layout-flow\" style=\"margin-top:0px;margin-bottom:0px\">\n<h6 class=\"wp-block-heading has-text-align-left\" id=\"my-story\" style=\"line-height:1\"><a href=\"https:\/\/www.diariodeibiza.es\/empresas-en-ibiza\/2025\/03\/11\/victor-soriano-abogado-ibiza-persigue-115161943.html\"><em>V\u00edctor Soriano, abogado: \u00abEn Ibiza se persigue como delito urban\u00edstico aut\u00e9nticas tonter\u00edas\u00bb<\/em><\/a>, Diario de Ibiza<\/h6>\n<\/div>\n<\/div>\n<\/div>\n\n\n\n<div class=\"wp-block-columns alignwide is-layout-flex wp-container-core-columns-is-layout-28f84493 wp-block-columns-is-layout-flex\">\n<div class=\"wp-block-column has-foreground-color has-quaternary-background-color has-text-color has-background is-layout-flow wp-block-column-is-layout-flow\">\n<div class=\"wp-block-group has-quaternary-background-color has-background is-layout-flow wp-container-core-group-is-layout-e0ea0936 wp-block-group-is-layout-flow\" style=\"margin-top:0px;margin-bottom:0px\">\n<h6 class=\"wp-block-heading has-text-align-left\" id=\"my-story\" style=\"line-height:1\"><a href=\"https:\/\/www.diariodemallorca.es\/mallorca\/2025\/03\/04\/abogados-mallorca-victor-soriano-114806372.html\"><em>Abre despacho en Mallorca el abogado V\u00edctor Soriano, defensor del futbolista Marco Borriello, especialista en derecho penal y urban\u00edstico<\/em><\/a>, Diario de Mallorca<\/h6>\n<\/div>\n<\/div>\n\n\n\n<div class=\"wp-block-column has-foreground-color has-quaternary-background-color has-text-color has-background is-layout-flow wp-block-column-is-layout-flow\">\n<div class=\"wp-block-group has-quaternary-background-color has-background is-layout-flow wp-container-core-group-is-layout-8cfe5ef5 wp-block-group-is-layout-flow\" style=\"margin-top:0px;margin-bottom:0px\">\n<h6 class=\"wp-block-heading has-text-align-left\" id=\"my-story\" style=\"line-height:1\"><a href=\"https:\/\/www.elperiodicodeaqui.com\/epda-noticias\/el-despacho-soriano-i-piqueras-incorpora-al-letrado-del-tribunal-de-cuentas-sergio-silvestre-y-la-profesora-macarena-dieguez-a-su-consejo-academico\/345676\"><em>El despacho \u00abSoriano i Piqueras\u00bb incorpora al letrado del Tribunal de Cuentas Sergio Silvestre y la profesora Macarena Di\u00e9guez a su consejo acad\u00e9mico<\/em><\/a>, El Peri\u00f3dico de Aqu\u00ed<a href=\"https:\/\/www.elperiodicodeaqui.com\/epda-noticias\/el-despacho-soriano-i-piqueras-lanza-un-programa-para-asesorar-a-politicos-en-perseguir-la-corrupcion-del-adversario\/357218\"><\/a><\/h6>\n<\/div>\n<\/div>\n<\/div>\n\n\n\n<div class=\"wp-block-columns alignwide is-layout-flex wp-container-core-columns-is-layout-28f84493 wp-block-columns-is-layout-flex\">\n<div class=\"wp-block-column has-foreground-color has-quaternary-background-color has-text-color has-background is-layout-flow wp-block-column-is-layout-flow\">\n<div class=\"wp-block-group has-quaternary-background-color has-background is-layout-flow wp-container-core-group-is-layout-e0ea0936 wp-block-group-is-layout-flow\" style=\"margin-top:0px;margin-bottom:0px\">\n<h6 class=\"wp-block-heading has-text-align-left\" id=\"my-story\" style=\"line-height:1\"><a href=\"https:\/\/www.elperiodicodeaqui.com\/epda-noticias\/el-despacho-soriano-i-piqueras-traslada-su-oficina-de-madrid-a-la-torre-de-cristal\/361845\"><em>El despacho Soriano i Piqueras traslada su oficina de Madrid a la Torre de Cristal<\/em><\/a>, El Peri\u00f3dico de Aqu\u00ed<\/h6>\n<\/div>\n<\/div>\n\n\n\n<div class=\"wp-block-column has-foreground-color has-quaternary-background-color has-text-color has-background is-layout-flow wp-block-column-is-layout-flow\">\n<div class=\"wp-block-group has-quaternary-background-color has-background is-layout-flow wp-container-core-group-is-layout-8cfe5ef5 wp-block-group-is-layout-flow\" style=\"margin-top:0px;margin-bottom:0px\">\n<h6 class=\"wp-block-heading has-text-align-left\" id=\"my-story\" style=\"line-height:1\"><a href=\"https:\/\/www.lawyerpress.com\/2025\/09\/26\/cuando-todos-dicen-que-no-hay-solucion-soriano-i-piqueras-celebra-su-segundo-aniversario-con-la-mirada-en-la-excelencia-y-la-alta-litigacion\/\"><em>\u201cCuando todos dicen que no hay soluci\u00f3n\u201d: Soriano i Piqueras celebra su segundo aniversario con la mirada en la excelencia y la alta litigaci\u00f3n<\/em><\/a>, Lawyerpress<\/h6>\n<\/div>\n<\/div>\n<\/div>\n\n\n\n<div class=\"wp-block-columns alignwide is-layout-flex wp-container-core-columns-is-layout-28f84493 wp-block-columns-is-layout-flex\">\n<div class=\"wp-block-column has-foreground-color has-quaternary-background-color has-text-color has-background is-layout-flow wp-block-column-is-layout-flow\">\n<div class=\"wp-block-group has-quaternary-background-color has-background is-layout-flow wp-container-core-group-is-layout-e0ea0936 wp-block-group-is-layout-flow\" style=\"margin-top:0px;margin-bottom:0px\">\n<h6 class=\"wp-block-heading has-text-align-left\" id=\"my-story\" style=\"line-height:1\"><a href=\"https:\/\/www.elperiodicodeaqui.com\/epda-noticias\/la-abogada-inma-yanez-ficha-por-el-despacho-soriano-i-piqueras\/371508\"><em>La abogada Inma Y\u00e1\u00f1ez ficha por el despacho Soriano i Piqueras<\/em><\/a>, El Peri\u00f3dico de Aqu\u00ed<\/h6>\n<\/div>\n<\/div>\n\n\n\n<div class=\"wp-block-column has-foreground-color has-quaternary-background-color has-text-color has-background is-layout-flow wp-block-column-is-layout-flow\">\n<div class=\"wp-block-group has-quaternary-background-color has-background is-layout-flow wp-container-core-group-is-layout-8cfe5ef5 wp-block-group-is-layout-flow\" style=\"margin-top:0px;margin-bottom:0px\">\n<h6 class=\"wp-block-heading has-text-align-left\" id=\"my-story\" style=\"line-height:1\"><a href=\"https:\/\/okdiario.com\/espana\/supremo-da-razon-pp-montero-no-puede-esconder-informes-intervencion-14769613\"><em>El Supremo da la raz\u00f3n al PP: Montero no puede esconder los informes de la Intervenci\u00f3n<\/em><\/a>, OkDiario<\/h6>\n<\/div>\n<\/div>\n<\/div>\n\n\n\n<p><\/p>","protected":false},"excerpt":{"rendered":"<p>V\u00edctor Soriano: de abogado del PPCV a referente nacional en derecho penal administrativo, Valenciaplaza Un despacho de abogados valenciano, referente en las acusaciones penales m\u00e1s elitistas de Espa\u00f1a, Las Provincias V\u00edctor Soriano, el abogado que salva a pol\u00edticos, actores y futbolistas de delitos urban\u00edsticos\u00a0, OkDiario El valenciano V\u00edctor Soriano, reconocido en el \u2018Top 10\u2019 de [&hellip;]<\/p>","protected":false},"author":1,"featured_media":0,"parent":0,"menu_order":0,"comment_status":"closed","ping_status":"closed","template":"","meta":{"footnotes":""},"class_list":["post-1201","page","type-page","status-publish","hentry"],"aioseo_notices":[],"_links":{"self":[{"href":"https:\/\/www.sorianoipiqueras.com\/it\/wp-json\/wp\/v2\/pages\/1201","targetHints":{"allow":["GET"]}}],"collection":[{"href":"https:\/\/www.sorianoipiqueras.com\/it\/wp-json\/wp\/v2\/pages"}],"about":[{"href":"https:\/\/www.sorianoipiqueras.com\/it\/wp-json\/wp\/v2\/types\/page"}],"author":[{"embeddable":true,"href":"https:\/\/www.sorianoipiqueras.com\/it\/wp-json\/wp\/v2\/users\/1"}],"replies":[{"embeddable":true,"href":"https:\/\/www.sorianoipiqueras.com\/it\/wp-json\/wp\/v2\/comments?post=1201"}],"version-history":[{"count":3,"href":"https:\/\/www.sorianoipiqueras.com\/it\/wp-json\/wp\/v2\/pages\/1201\/revisions"}],"predecessor-version":[{"id":1204,"href":"https:\/\/www.sorianoipiqueras.com\/it\/wp-json\/wp\/v2\/pages\/1201\/revisions\/1204"}],"wp:attachment":[{"href":"https:\/\/www.sorianoipiqueras.com\/it\/wp-json\/wp\/v2\/media?parent=1201"}],"curies":[{"name":"wp","href":"https:\/\/api.w.org\/{rel}","templated":true}]}}