{"id":201,"date":"2024-08-05T20:45:15","date_gmt":"2024-08-05T18:45:15","guid":{"rendered":"https:\/\/www.sorianoipiqueras.com\/?page_id=201"},"modified":"2026-02-24T11:44:34","modified_gmt":"2026-02-24T10:44:34","slug":"en-prensa-2","status":"publish","type":"page","link":"https:\/\/www.sorianoipiqueras.com\/it\/en-prensa-2\/","title":{"rendered":"En prensa"},"content":{"rendered":"<div class=\"wp-block-columns is-layout-flex wp-container-core-columns-is-layout-28f84493 wp-block-columns-is-layout-flex\">\n<div class=\"wp-block-column is-layout-flow wp-block-column-is-layout-flow\">\n<p><a href=\"https:\/\/valenciaplaza.com\/valenciaplaza\/tierra-de-empresas\/victor-soriano-de-abogado-del-ppcv-a-referente-nacional-en-derecho-penal-administrativo\"><p><em>V\u00edctor Soriano: de abogado del PPCV a referente nacional en derecho penal administrativo<\/em><\/a>, ValenciaPlaza<\/p>\n\n\n\n<p><a href=\"https:\/\/okdiario.com\/espana\/victor-soriano-abogado-que-salva-politicos-actores-futbolistas-delitos-urbanisticos-14235531\/amp\"><p><em> V\u00edctor Soriano, el abogado que salva a pol\u00edticos, actores y futbolistas de delitos urban\u00edsticos <\/em><\/a>, OkDiario<\/p>\n\n\n\n<p><a href=\"https:\/\/www.ultimahora.es\/noticias\/local\/2025\/03\/06\/2334075\/victor-soriano-abogado-victor-soriano-referente-derecho-penal-corrupcion-urbanismo-abre-despacho-palma.html\"><p><em>El abogado V\u00edctor Soriano, referente en derecho penal de corrupci\u00f3n y urbanismo, abre despacho en Palma<\/em><\/a>, \u00daltima Hora<\/p>\n\n\n\n<p><a href=\"https:\/\/www.periodicodeibiza.es\/pitiusas\/ibiza\/2025\/03\/13\/2344549\/vecinos-ibiza-despejan-dudas-sobre-amnistia-urbanistica.html\"><p><em>Vecinos de Ibiza despejan dudas sobre la \u2018amnist\u00eda urban\u00edstica\u2019<\/em><\/a>, Peri\u00f3dico de Ibiza y Formentera<\/p>\n\n\n\n<p><a href=\"https:\/\/www.periodicodeibiza.es\/pitiusas\/ibiza\/2025\/03\/28\/2355355\/victor-soriano-abogado-llevaremos-tribunales-nuevo-pgou-sant-josep-llega-aprobarse.html\"><p><em>V\u00edctor Soriano, abogado: \u00abllevaremos a los tribunales el nuevo PGOU de Sant Josep si llega a aprobarse\u00bb<\/em><\/a>, Peri\u00f3dico de Ibiza y Formentera<\/p>\n<\/div>\n\n\n\n<div class=\"wp-block-column is-layout-flow wp-block-column-is-layout-flow\">\n<p><a href=\"https:\/\/www.lasprovincias.es\/sociedad\/despacho-abogados-valenciano-referente-acusaciones-penales-elitistas-20251013014040-nt.html\"><p><em>Un despacho de abogados valenciano, referente en las acusaciones penales m\u00e1s elitistas de Espa\u00f1a<\/em><\/a>, Las Provincias<\/p>\n\n\n\n<p><a href=\"https:\/\/www.eldebate.com\/espana\/comunidad-valenciana\/20260223\/victor-soriano-joan-ribo-puede-acabar-condenado-carcel-caso-piscina_387207.html\"><p><em>V\u00edctor Soriano: \u00abJoan Rib\u00f3 puede acabar condenado a c\u00e1rcel por el caso de la piscina\u00bb (Entrevista)<\/em><\/a>, El Debate<\/p>\n\n\n\n<p><a href=\"https:\/\/www.lawyerpress.com\/2025\/03\/24\/el-valenciano-victor-soriano-reconocido-en-el-top-10-de-mejores-abogados-penalistas-de-espana\/\"><p><em>El valenciano V\u00edctor Soriano, reconocido en el \u2018Top 10\u2019 de mejores abogados penalistas de Espa\u00f1a<\/em><\/a>, Lawyerpress<\/p>\n\n\n\n<p><a href=\"https:\/\/www.lawyerpress.com\/2025\/02\/05\/victor-soriano-el-abogado-de-futbolistas-y-promotores-que-asesora-al-pp-y-acusa-al-fiscal-general-la-defensa-penal-no-entiende-de-ideologias\/\"><p><em>V\u00edctor Soriano, el abogado de futbolistas y promotores, que asesora al PP y acusa al fiscal general: \u00abla defensa penal no entiende de ideolog\u00edas\u00bb<\/em><\/a>, Lawyerpress<\/p>\n\n\n\n<p><a href=\"https:\/\/www.diariodemallorca.es\/mallorca\/2025\/03\/04\/abogados-mallorca-victor-soriano-114806372.html\"><p><em>Abre despacho en Mallorca el abogado V\u00edctor Soriano, defensor del futbolista Marco Borriello, especialista en derecho penal y urban\u00edstico<\/em><\/a>, Diario de Mallorca<\/p>\n\n\n\n<p><a href=\"https:\/\/www.diariodeibiza.es\/empresas-en-ibiza\/2025\/03\/11\/victor-soriano-abogado-ibiza-persigue-115161943.html\"><p><em>V\u00edctor Soriano, abogado: \u00abEn Ibiza se persigue como delito urban\u00edstico aut\u00e9nticas tonter\u00edas\u00bb<\/em><\/a>, Diario de Ibiza<\/p>\n\n\n\n<p><a href=\"https:\/\/www.diariodeibiza.es\/empresas-en-ibiza\/2025\/03\/13\/hotel-montesol-acoge-presentacion-bufete-115243411.html\"><p><em>El hotel Montesol acoge la presentaci\u00f3n del bufete Soriano i Piqueras con un evento sobre urbanismo<\/em><\/a>, Diario de Ibiza<\/p>\n<\/div>\n<\/div>\n\n\n\n<blockquote class=\"wp-block-quote is-layout-flow wp-block-quote-is-layout-flow\">\n<p>Actualidad sobre la Firma<\/p>\n<\/blockquote>\n\n\n\n<div class=\"wp-block-columns is-layout-flex wp-container-core-columns-is-layout-28f84493 wp-block-columns-is-layout-flex\">\n<div class=\"wp-block-column is-layout-flow wp-block-column-is-layout-flow\">\n<p><a href=\"https:\/\/www.elperiodicodeaqui.com\/epda-noticias\/el-exabogado-del-pp-victor-soriano-deja-gomez-acebo-pombo-para-abrir-un-despacho-en-valencia-y-madrid\/325312\"><p><em>El exabogado del PP, V\u00edctor Soriano, deja G\u00f3mez-Acebo &#038; Pombo para abrir un despacho en Valencia y Madrid<\/em><\/a>, El Peri\u00f3dico de Aqu\u00ed<\/p>\n\n\n\n<p><a href=\"https:\/\/www.elperiodicodeaqui.com\/epda-noticias-amp\/la-firma-valenciana-soriano-i-piqueras-unico-despacho-espanol-en-acceder-a-bestlawyers-en-su-primer-ano-de-vida\/329661\"><p><em>La firma valenciana \u00abSoriano i Piqueras\u00bb, \u00fanico despacho espa\u00f1ol en acceder a BestLawyers en su primer a\u00f1o de vida<\/em><\/a>, El Peri\u00f3dico de Aqu\u00ed<\/p>\n\n\n\n<p><a href=\"https:\/\/www.elespanol.com\/valencia\/20240214\/pp-ficha-asesor-senado-abogado-partido-caso-hermano-ximo-puig\/832417000_0.html\"><p><em>El PP ficha como asesor en el Senado al abogado del partido en el caso contra el hermano de Ximo Puig<\/em><\/a>, El Espa\u00f1ol<\/p>\n\n\n\n<p><a href=\"https:\/\/valencia.elperiodicodeaqui.com\/epda-noticias\/la-exalcaldesa-de-catarroja-m-ngeles-lopez-se-incorpora-a-la-firma-de-abogados-soriano-i-piqueras\/340716\"><p><em>La exalcaldesa de Catarroja M. \u00c1ngeles L\u00f3pez se incorpora a la firma de abogados \u00abSoriano i Piqueras\u00bb<\/em><\/a>, El Peri\u00f3dico de Aqu\u00ed<\/p>\n\n\n\n<p><a href=\"https:\/\/www.elperiodicodeaqui.com\/epda-noticias\/enrique-enguix-fundador-de-salestrategy-group-se-incorpora-como-consejero-al-despacho-de-abogados-soriano-i-piqueras\/347312\"><p><em>Enrique Enguix, fundador de Salestrategy Group, se incorpora como consejero al despacho de abogados \u00abSoriano i Piqueras\u00bb<\/em><\/a>, El Peri\u00f3dico de Aqu\u00ed<\/p>\n\n\n\n<p><a href=\"https:\/\/www.lawyerpress.com\/2025\/02\/14\/el-despacho-de-victor-soriano-abrira-oficina-en-mallorca\/\"><p><em>El despacho de V\u00edctor Soriano abrir\u00e1 oficina en Mallorca<\/em><\/a>, Lawyerpress<\/p>\n\n\n\n<p><a href=\"https:\/\/iberianlawyer.com\/soriano-i-piqueras-opens-new-office-in-palma\/\"><p><em>Soriano i Piqueras opens new office in Palma<\/em><\/a>, Iberian Lawyer<\/p>\n\n\n\n<p><a href=\"https:\/\/www.elperiodicodeaqui.com\/epda-noticias\/el-despacho-soriano-i-piqueras-traslada-su-oficina-de-madrid-a-la-torre-de-cristal\/361845\"><p><em>El despacho Soriano i Piqueras traslada su oficina de Madrid a la Torre de Cristal<\/em><\/a>, El Peri\u00f3dico de Aqu\u00ed<\/p>\n\n\n\n<p><a href=\"https:\/\/www.lawyerpress.com\/2025\/09\/26\/cuando-todos-dicen-que-no-hay-solucion-soriano-i-piqueras-celebra-su-segundo-aniversario-con-la-mirada-en-la-excelencia-y-la-alta-litigacion\/\"><p><em>\u201cCuando todos dicen que no hay soluci\u00f3n\u201d: Soriano i Piqueras celebra su segundo aniversario con la mirada en la excelencia y la alta litigaci\u00f3n<\/em><\/a>, Lawyerpress<\/p>\n<\/div>\n\n\n\n<div class=\"wp-block-column is-layout-flow wp-block-column-is-layout-flow\">\n<p><a href=\"https:\/\/www.elperiodicodeaqui.com\/epda-noticias-amp\/victor-soriano-abogado-y-asesor-del-pp-en-el-senado-dirige-la-acusacion-popular-contra-el-fiscal-general-del-estado\/358421\"><p><em> V\u00edctor Soriano, abogado y asesor del PP en el Senado, dirige la acusaci\u00f3n popular contra el fiscal general del Estado<\/em><\/a>, El Peri\u00f3dico de Aqu\u00ed<\/p>\n\n\n\n<p><a href=\"https:\/\/www.lasprovincias.es\/politica\/abogado-corts-deja-20220917113413-nt.html\"><p><em>El abogado del PP en Les Corts deja su plaza de asesor y se reincorpora a G\u00f3mez-Acebo &#038; Pombo<\/em><\/a>, Las Provincias<\/p>\n\n\n\n<p><a href=\"https:\/\/www.lawyerpress.com\/2025\/02\/24\/soriano-i-piqueras-desembarca-en-baleares-como-firma-de-referencia-en-urbanismo\/\"><p><em>Soriano i Piqueras desembarca en Baleares como firma de referencia en urbanismo<\/em><\/a>, Lawyerpress<\/p>\n\n\n\n<p><a href=\"https:\/\/www.elperiodicodeaqui.com\/epda-noticias\/el-despacho-valenciano-soriano-i-piqueras-lanza-una-firma-alternativa-para-abarcar-toda-la-oferta-de-servicios-juridicos\/349862\"><p><em>El despacho valenciano \u00abSoriano i Piqueras\u00bb lanza una firma alternativa para abarcar toda la oferta de servicios jur\u00eddicos<\/em><\/a>, El Peri\u00f3dico de Aqu\u00ed<\/p>\n\n\n\n<p><a href=\"https:\/\/www.lawyerpress.com\/2024\/09\/30\/jose-luis-pantoja-se-incorpora-a-soriano-i-piqueras-liderando-la-practica-de-derecho-mercantil-y-de-la-energia-en-madrid\/\"><p><em>Jos\u00e9 Luis Pantoja se incorpora a \u00abSoriano i Piqueras\u00bb liderando la pr\u00e1ctica de derecho mercantil y de la energ\u00eda en Madrid<\/em><\/a>, Lawyerpress<\/p>\n\n\n\n<p><a href=\"https:\/\/www.elperiodicodeaqui.com\/epda-noticias\/el-despacho-soriano-i-piqueras-incorpora-al-letrado-del-tribunal-de-cuentas-sergio-silvestre-y-la-profesora-macarena-dieguez-a-su-consejo-academico\/345676\"><p><em>El despacho \u00abSoriano i Piqueras\u00bb incorpora al letrado del Tribunal de Cuentas Sergio Silvestre y la profesora Macarena Di\u00e9guez a su consejo acad\u00e9mico<\/em><\/a>, El Peri\u00f3dico de Aqu\u00ed<\/p>\n\n\n\n<p><a href=\"https:\/\/www.elperiodicodeaqui.com\/epda-noticias\/el-despacho-soriano-i-piqueras-lanza-un-programa-para-asesorar-a-politicos-en-perseguir-la-corrupcion-del-adversario\/357218\"><p><em>El despacho &#8216;Soriano i Piqueras&#8217; lanza un programa para asesorar a pol\u00edticos en perseguir la corrupci\u00f3n del adversario<\/em><\/a>, El Peri\u00f3dico de Aqu\u00ed<\/p>\n\n\n\n<p><a href=\"https:\/\/www.eldiario.es\/comunitat-valenciana\/despacho-soriano-i-piqueras-lanza-programa-asesorar-politicos-perseguir-corrupcion-adversario_1_11941508.html\"><p><em>El despacho Soriano i Piqueras lanza un programa para asesorar a pol\u00edticos en \u201cperseguir la corrupci\u00f3n del adversario\u201d<\/em><\/a>, Eldiario.es<\/p>\n<\/div>\n<\/div>\n\n\n\n<hr class=\"wp-block-separator has-alpha-channel-opacity is-style-bjork-angled-separator-wide\"\/>\n\n\n\n<blockquote class=\"wp-block-quote is-layout-flow wp-block-quote-is-layout-flow\">\n<p>Casos relevantes<\/p>\n<\/blockquote>\n\n\n\n<div class=\"wp-block-columns is-layout-flex wp-container-core-columns-is-layout-28f84493 wp-block-columns-is-layout-flex\">\n<div class=\"wp-block-column is-layout-flow wp-block-column-is-layout-flow\">\n<p><a href=\"https:\/\/okdiario.com\/espana\/supremo-da-razon-pp-montero-no-puede-esconder-informes-intervencion-14769613\"><p><em>El Supremo da la raz\u00f3n al PP: Montero no puede esconder los informes de la Intervenci\u00f3n<\/em><\/a>, OkDiario<\/p>\n\n\n\n<p><a href=\"https:\/\/www.lasprovincias.es\/politica\/juez-procesa-hermano-ximo-puig-supuestos-delitos-20250131201223-nt.html\"><p><em>El juez procesa al hermano de Ximo Puig por delitos de estafa y falsedad<\/em><\/a>, Las Provincias<\/p>\n\n\n\n<p><a href=\"https:\/\/www.periodicodeibiza.es\/pitiusas\/ibiza\/2025\/01\/28\/2314233\/exfutbolista-marco-borriello-intenta-legalizar-mansion-ibiza.html\"><p><em>Un conocido exfutbolista italiano intenta legalizar su mansi\u00f3n en Ibiza<\/em><\/a>, El Peri\u00f3dico de Ibiza<\/p>\n\n\n\n<p><a href=\"https:\/\/www.elespanol.com\/espana\/tribunales\/20230621\/gobierno-pp-documentos-negocios-hermano-ximo-puig\/773172957_0.html\"><p><em>El juez obliga al Gobierno a dar al PP los documentos que le neg\u00f3 de los negocios del hermano de Ximo Puig<\/em><\/a>, El Espa\u00f1ol<\/p>\n\n\n\n<p><a href=\"https:\/\/www.elespanol.com\/espana\/comunidad-valenciana\/20230912\/benidorm-pide-retrasar-derribo-torres-ilegales-metros-costaria\/793670886_0.html\"><p><em>Benidorm pide retrasar el derribo de sus dos torres que son ilegales por cuatro metros: costar\u00eda 100 M<\/em><\/a>, El Espa\u00f1ol<\/p>\n\n\n\n<p><a href=\"https:\/\/www.lasprovincias.es\/politica\/tsj-anula-programa-linguistico-colegio-dejaba-castellano-20241029013047-nt.html#\"><p><em>El TSJ anula el programa ling\u00fc\u00edstico de un colegio que dejaba sin castellano al ciclo de infantil<\/em><\/a>, Las Provincias<\/p>\n\n\n\n<p><a href=\"https:\/\/www.elespanol.com\/espana\/tribunales\/20230908\/varios-diplomaticos-llevan-juicio-gobierno-reducir-compensacion-vivir-extranjero\/791921195_0.html\"><p><em>Varios diplom\u00e1ticos llevan a juicio al Gobierno por reducir su compensaci\u00f3n por vivir en el extranjero<\/em><\/a>, El Espa\u00f1ol<\/p>\n\n\n\n<p><a href=\"https:\/\/www.elespanol.com\/espana\/tribunales\/20241126\/rockero-britanico-reclama-millones-espana-anos-imputado-asesinato-exonerado\/903910097_0.html\"><p><em>Un rockero brit\u00e1nico reclama 5 millones a Espa\u00f1a \u00abpor estar 25 a\u00f1os imputado\u00bb por un asesinato y ser exonerado<\/em><\/a>, El Espa\u00f1ol<\/p>\n\n\n\n<p><a href=\"https:\/\/www.mirror.co.uk\/news\/uk-news\/im-suing-spain-after-new-33719534\"><p><em>&#8216;I&#8217;m suing Spain after my new life abroad became a nightmare&#8217;<\/em><\/a>, Daily Mirror<\/p>\n\n\n\n<p><a href=\"https:\/\/www.europapress.es\/nacional\/noticia-constitucional-declara-nulos-dos-puntos-ley-valenciana-fondo-cooperacion-municipal-20230928151208.html?utm_campaign=smartclip_social&#038;utm_medium=Social&#038;utm_source=Linkedin\"><p><em>El Constitucional declara nulos dos puntos de la ley valenciana sobre el fondo de cooperaci\u00f3n municipal<\/em><\/a>, Europa Press<\/p>\n\n\n\n<p><a href=\"https:\/\/www.iustel.com\/diario_del_derecho\/noticia.asp?ref_iustel=1199980\"><p><em>El TSJCV falla que la S\u00edndica adjunta del PP en Les Corts tiene derecho a acceder a dos expedientes de la Agencia Antifraude<\/em><\/a>, Iustel<\/p>\n\n\n\n<p><a href=\"https:\/\/www.elespanol.com\/espana\/tribunales\/20241014\/audiencia-balear-ordena-juez-interrogar-reformaron-chale-marco-borriello-ir-juicio\/893411126_0.html?utm_source=twitter&#038;utm_medium=social&#038;utm_campaign=fixedbar\"><p><em>La Audiencia balear ordena a la juez interrogar a quienes reformaron el chal\u00e9 de Marco Borriello antes de ir a juicio<\/em><\/a>, El Espa\u00f1ol<\/p>\n\n\n\n<p><a href=\"https:\/\/www.elespanol.com\/espana\/tribunales\/20250121\/letrado-manos-limpias-caso-fiscal-general-asesor-pp-contratan-politicos-psoe\/918158654_0.html\"><p><em>El abogado de Manos Limpias en el caso del fiscal general y que es asesor del PP: \u00abTambi\u00e9n me contratan cargos del PSOE\u00bb<\/em><\/a>, El Espa\u00f1ol<\/p>\n\n\n\n<p><a href=\"https:\/\/alicanteplaza.es\/alicanteplaza\/marinabaixa\/la-ultima-propuesta-para-salvar-el-edificio-gemelos-28-de-benidorm-modificar-la-ley-de-costas\"><p><em>La \u00faltima propuesta para salvar el edificio Gemelos 28 de Benidorm: modificar la Ley de Costas<\/em><\/a>, AlicantePlaza<\/p>\n<\/div>\n\n\n\n<div class=\"wp-block-column is-layout-flow wp-block-column-is-layout-flow\">\n<p><a href=\"https:\/\/theobjective.com\/espana\/tribunales\/2025-04-02\/ribo-declarara-causa-construccion-piscina\/\"><p><em>El exalcalde de Valencia Joan Rib\u00f3 declarar\u00e1 en una causa por la construcci\u00f3n de una piscina<\/em><\/a>, The Objective<\/p>\n\n\n\n<p><a href=\"https:\/\/www.lasprovincias.es\/politica\/expediente-sancion-francis-puig-20230621175403-nt.html\"><p><em>Un juez obliga al Gobierno a entregar el expediente de la sanci\u00f3n a Francis Puig<\/em><\/a>, Las Provincias<\/p>\n\n\n\n<p><a href=\"https:\/\/www.levante-emv.com\/comunitat-valenciana\/2017\/01\/01\/juzgado-condena-consell-dar-documentacion-12275832.html\"><p><em>Un juzgado condena al Consell por no dar documentaci\u00f3n al PP de las Corts<\/em><\/a>, Levante-EMV<\/p>\n\n\n\n<p><a href=\"https:\/\/www.lasprovincias.es\/politica\/pp-pedira-abrir-juicio-oral-francis-puig-20240702002122-nt.html\"><p><em>El PP pedir\u00e1 abrir juicio oral a Francis Puig por fraude de subvenciones<\/em><\/a>, Las Provincias<\/p>\n\n\n\n<p><a href=\"https:\/\/www.elespanol.com\/espana\/comunidad-valenciana\/20231004\/benidorm-busca-indultar-rascacielos-declarados-ilegales-metros-vertidos-mar\/799170339_0.html\"><p><em>Benidorm busca &#8216;indultar&#8217; los rascacielos declarados ilegales por 4 metros: \u00abHabr\u00eda vertidos al mar\u00bb<\/em><\/a>, El Espa\u00f1ol<\/p>\n\n\n\n<p><a href=\"https:\/\/www.lasprovincias.es\/politica\/asesor-pp-demanda-ayuntamiento-valencia-paralizacion-licencias-20250128124900-nt.html\"><p><em>Un asesor del PP demanda al Ayuntamiento de Valencia por la paralizaci\u00f3n de las licencias para pisos tur\u00edsticos<\/em><\/a>, Las Provincias<\/p>\n\n\n\n<p><a href=\"https:\/\/www.elespanol.com\/valencia\/20241029\/anulan-plan-linguistico-centro-valenciano-incumplir-minimo-horas-lectivas-castellano\/897160510_0.html\"><p><em>Anulan un plan ling\u00fc\u00edstico de un centro valenciano por incumplir el m\u00ednimo de horas lectivas en castellano<\/em><\/a>, El Espa\u00f1ol<\/p>\n\n\n\n<p><a href=\"https:\/\/www.elespanol.com\/espana\/tribunales\/20230210\/justicia-ayuntamiento-castellon-libros-lgtbi-varios-institutos\/740426030_0.html\"><p><em>La Justicia avala que el Ayuntamiento de Castell\u00f3n diese libros LGTBI a varios institutos<\/em><\/a>, El Espa\u00f1ol<\/p>\n\n\n\n<p><a href=\"https:\/\/www.elespanol.com\/invertia\/empresas\/turismo\/20240911\/condena-ryanair-cobrar-pasajero-imprimir-tarjeta-embarque-obligarle-ir-mostrador\/884911762_0.html\"><p><em>Condena a Ryanair por cobrar a un pasajero por imprimir su tarjeta de embarque tras obligarle a ir a su mostrador<\/em><\/a>, El Espa\u00f1ol<\/p>\n\n\n\n<p><a href=\"https:\/\/www.elespanol.com\/valencia\/20240215\/juicio-responsables-proyecto-antiincendios-ximo-puig-murieron-hambre-burros\/832917128_0.html\"><p><em>A juicio los responsables del proyecto antiincendios de Ximo Puig en el que murieron de hambre 10 burros<\/em><\/a>, El Espa\u00f1ol<\/p>\n\n\n\n<p><a href=\"https:\/\/www.lawyerpress.com\/2024\/10\/17\/soriano-i-piqueras-defendera-a-un-grupo-de-grandes-afectados-del-caso-madeira-invest-club\/\"><p><em>\u00abSoriano i Piqueras\u00bb defender\u00e1 a un grupo de grandes afectados del caso Madeira Invest Club<\/em><\/a>, Lawyerpress<\/p>\n\n\n\n<p><a href=\"https:\/\/www.elespanol.com\/espana\/tribunales\/20240111\/futbolista-borriello-pide-juez-archivar-caso-tratando-legalizar-obras-chale\/824167929_0.html\"><p><em>El futbolista Borriello pide al juez archivar su caso al estar tratando de legalizar las obras de su chal\u00e9<\/em><\/a>, El Espa\u00f1ol<\/p>\n\n\n\n<p><a href=\"https:\/\/www.elperiodicodeaqui.com\/epda-noticias\/soriano-i-piqueras-propondra-una-reforma-legal-para-evitar-el-derribo-de-gemelos-28-de-benidorm\/359695\"><p><em>&#8216;Soriano i Piqueras&#8217; propondr\u00e1 una reforma legal para evitar el derribo de Gemelos 28 de Benidorm<\/em><\/a>, El Peri\u00f3dico de Aqu\u00ed<\/p>\n\n\n\n<p><a href=\"https:\/\/www.hortanoticias.com\/la-aded-se-personara-como-acusacion-popular-en-el-posible-delito-urbanistico-de-la-piscina-de-alboraya\/\"><p><em>La ADED se personar\u00e1 como acusaci\u00f3n popular en el posible delito urban\u00edstico de la piscina de Alboraya<\/em><\/a>, Hortanoticias<\/p>\n<\/div>\n<\/div>\n\n\n\n<hr class=\"wp-block-separator has-alpha-channel-opacity is-style-bjork-angled-separator-wide\"\/>\n\n\n\n<blockquote class=\"wp-block-quote is-layout-flow wp-block-quote-is-layout-flow\">\n<p>Intervenciones de V\u00edctor Soriano<\/p>\n<\/blockquote>\n\n\n\n<div class=\"wp-block-columns is-layout-flex wp-container-core-columns-is-layout-28f84493 wp-block-columns-is-layout-flex\">\n<div class=\"wp-block-column is-layout-flow wp-block-column-is-layout-flow\">\n<p><a href=\"https:\/\/www.diariodemallorca.es\/mallorca\/2024\/07\/07\/cuesta-legalizar-construccion-rustico-regularizar-105142417.html\"><p><em>\u00bfCu\u00e1nto cuesta legalizar una construcci\u00f3n en r\u00fastico? Regularizar una casa de 200 metros puede costar entre 25.000 y 45.000 euros<\/em><\/a>, Diario de Mallorca<\/p>\n\n\n\n<p><a href=\"https:\/\/www.newtral.es\/uco-investigar-aforado\/20241220\/\"><p><em>\u00bfPuede la UCO investigar a un aforado? Esto es lo que dicen los expertos<\/em><\/a>, Newtral<\/p>\n\n\n\n<p><a href=\"https:\/\/www.elperiodic.com\/valencia\/medio-centenar-solares-vacios-valencia-incumplen-exige-edifiquen_925083\"><p><em>Medio centenar de solares vac\u00edos en Valencia incumplen la ley que exige que se edifiquen<\/em><\/a>, El Peri\u00f3dic<\/p>\n\n\n\n<p><a href=\"https:\/\/www.elespanol.com\/espana\/20240625\/juristas-dicen-tc-extralimita-enmendando-ts-pp-hace-trabajo-sucio-sanchez\/865413981_0.html\"><p><em>Juristas dicen que el TC \u00abse extralimita\u00bb enmendando al TS, y el PP que le hace el \u00abtrabajo sucio\u00bb a S\u00e1nchez<\/em><\/a>, El Espa\u00f1ol<\/p>\n\n\n\n<p><a href=\"https:\/\/www.rtve.es\/noticias\/20210310\/juristas-opinan-madrid\/2081657.shtml\"><p><em>Los juristas opinan: \u00bfElecciones anticipadas en Madrid o moci\u00f3n de censura contra Ayuso?<\/em><\/a>, RTVE<\/p>\n\n\n\n<p><a href=\"https:\/\/valenciaplaza.com\/valenciaplaza\/comunitat-valenciana1\/el-panorama-judicial-de-mazon-tras-la-imputacion-de-sus-subordinados\"><p><em>El panorama judicial de Maz\u00f3n tras la imputaci\u00f3n de sus subordinados<\/em><\/a>, ValenciaPlaza<\/p>\n\n\n\n<p><a href=\"https:\/\/www.larazon.es\/espana\/penas-que-enfrenta-santos-cerdan-delitos-que-han-llevado-carcel_202506306862ab403be60c2da857de11.html\"><p><em>Las penas a las que se enfrenta Santos Cerd\u00e1n por los delitos que le han llevado a la c\u00e1rcel<\/em><\/a>, La Raz\u00f3n<\/p>\n<\/div>\n\n\n\n<div class=\"wp-block-column is-layout-flow wp-block-column-is-layout-flow\">\n<p><a href=\"https:\/\/okdiario.com\/espana\/juristas-no-ven-recorrido-querellas-sanchez-begona-lo-hacen-atacar-juez-13262532\"><p><em>Los juristas no ven recorrido a las querellas de S\u00e1nchez y Bego\u00f1a: \u00abLo hacen para atacar al juez\u00bb<\/em><\/a>, OkDiario<\/p>\n\n\n\n<p><a href=\"https:\/\/www.libertaddigital.com\/espana\/politica\/2025-01-14\/la-ley-begona-de-la-inconstitucionalidad-a-los-errores-de-bulto-que-no-pasarian-inadvertidos-ni-a-un-becario-7206593\/\"><p><em>La &#8216;ley de defensa de S\u00e1nchez&#8217;: de la inconstitucionalidad a los \u00aberrores de bulto que no le pasar\u00edan ni a un becario\u00bb<\/em><\/a>, Libertad Digital<\/p>\n\n\n\n<p><a href=\"https:\/\/okdiario.com\/espana\/reputados-abogados-debaten-sobre-medios-no-hay-que-ser-fariseos-utilizamos-periodistas-14168521\"><p><em>Reputados abogados debaten sobre los medios: \u00abNo hay que ser fariseos, utilizamos a los periodistas\u00bb<\/em><\/a>, OkDiario<\/p>\n\n\n\n<p><a href=\"https:\/\/www.rtve.es\/noticias\/20210226\/coronavirus-multas-vacuna\/2078681.shtml\"><p><em>\u00bfSe puede multar a quienes se niegan a vacunarse?<\/em><\/a>, RTVE<\/p>\n\n\n\n<p><a href=\"https:\/\/www.elespanol.com\/espana\/politica\/20240111\/sanchez-da-control-total-inmigracion-generalitat-plena-escalada-xenofoba-junts\/823918088_0.html\"><p><em>S\u00e1nchez da \u00abel control total\u00bb de la inmigraci\u00f3n a la Generalitat en plena escalada xen\u00f3foba de Junts<\/em><\/a>, El Espa\u00f1ol<\/p>\n\n\n\n<p><a href=\"https:\/\/www.elperiodicodeaqui.com\/epda-noticias\/la-abogada-inma-yanez-ficha-por-el-despacho-soriano-i-piqueras\/371508\"><p><em>La abogada Inma Y\u00e1\u00f1ez ficha por el despacho Soriano i Piqueras<\/em><\/a>, El Peri\u00f3dico de Aqu\u00ed<\/p>\n<\/div>\n<\/div>","protected":false},"excerpt":{"rendered":"<p>V\u00edctor Soriano: de abogado del PPCV a referente nacional en derecho penal administrativo, ValenciaPlaza V\u00edctor Soriano, el abogado que salva a pol\u00edticos, actores y futbolistas de delitos urban\u00edsticos , OkDiario El abogado V\u00edctor Soriano, referente en derecho penal de corrupci\u00f3n y urbanismo, abre despacho en Palma, \u00daltima Hora Vecinos de Ibiza despejan dudas sobre la [&hellip;]<\/p>","protected":false},"author":1,"featured_media":0,"parent":0,"menu_order":0,"comment_status":"closed","ping_status":"closed","template":"","meta":{"footnotes":""},"class_list":["post-201","page","type-page","status-publish","hentry"],"aioseo_notices":[],"_links":{"self":[{"href":"https:\/\/www.sorianoipiqueras.com\/it\/wp-json\/wp\/v2\/pages\/201","targetHints":{"allow":["GET"]}}],"collection":[{"href":"https:\/\/www.sorianoipiqueras.com\/it\/wp-json\/wp\/v2\/pages"}],"about":[{"href":"https:\/\/www.sorianoipiqueras.com\/it\/wp-json\/wp\/v2\/types\/page"}],"author":[{"embeddable":true,"href":"https:\/\/www.sorianoipiqueras.com\/it\/wp-json\/wp\/v2\/users\/1"}],"replies":[{"embeddable":true,"href":"https:\/\/www.sorianoipiqueras.com\/it\/wp-json\/wp\/v2\/comments?post=201"}],"version-history":[{"count":63,"href":"https:\/\/www.sorianoipiqueras.com\/it\/wp-json\/wp\/v2\/pages\/201\/revisions"}],"predecessor-version":[{"id":1279,"href":"https:\/\/www.sorianoipiqueras.com\/it\/wp-json\/wp\/v2\/pages\/201\/revisions\/1279"}],"wp:attachment":[{"href":"https:\/\/www.sorianoipiqueras.com\/it\/wp-json\/wp\/v2\/media?parent=201"}],"curies":[{"name":"wp","href":"https:\/\/api.w.org\/{rel}","templated":true}]}}