{"id":214,"date":"2024-08-06T22:58:48","date_gmt":"2024-08-06T20:58:48","guid":{"rendered":"https:\/\/www.sorianoipiqueras.com\/?page_id=214"},"modified":"2025-12-31T09:39:40","modified_gmt":"2025-12-31T08:39:40","slug":"victor-m-soriano-i-piqueras","status":"publish","type":"page","link":"https:\/\/www.sorianoipiqueras.com\/it\/victor-m-soriano-i-piqueras\/","title":{"rendered":"V\u00edctor M. Soriano i Piqueras"},"content":{"rendered":"<div class=\"wp-block-columns is-layout-flex wp-container-core-columns-is-layout-28f84493 wp-block-columns-is-layout-flex\">\n<div class=\"wp-block-column is-layout-flow wp-block-column-is-layout-flow\">\n<figure class=\"wp-block-image size-large\"><img loading=\"lazy\" decoding=\"async\" width=\"1024\" height=\"795\" src=\"https:\/\/www.sorianoipiqueras.com\/wp-content\/uploads\/2025\/03\/Abogados-Victor-005-1024x795.jpeg\" alt=\"V\u00edctor Soriano i Piqueras, abogado\" class=\"wp-image-803\" style=\"aspect-ratio:4\/3;object-fit:cover\" srcset=\"https:\/\/www.sorianoipiqueras.com\/wp-content\/uploads\/2025\/03\/Abogados-Victor-005-1024x795.jpeg 1024w, https:\/\/www.sorianoipiqueras.com\/wp-content\/uploads\/2025\/03\/Abogados-Victor-005-300x233.jpeg 300w, https:\/\/www.sorianoipiqueras.com\/wp-content\/uploads\/2025\/03\/Abogados-Victor-005-768x597.jpeg 768w, https:\/\/www.sorianoipiqueras.com\/wp-content\/uploads\/2025\/03\/Abogados-Victor-005-1536x1193.jpeg 1536w, https:\/\/www.sorianoipiqueras.com\/wp-content\/uploads\/2025\/03\/Abogados-Victor-005-2048x1591.jpeg 2048w\" sizes=\"auto, (max-width: 1024px) 100vw, 1024px\" \/><figcaption class=\"wp-element-caption\">V\u00edctor Soriano i Piqueras, abogado<\/figcaption><\/figure>\n<\/div>\n\n\n\n<div class=\"wp-block-column is-layout-flow wp-block-column-is-layout-flow\">\n<p><strong>V\u00edctor Soriano<\/strong> es el abogado director del despacho \u00abSoriano i Piqueras\u00bb y ejerce como <strong>asesor parlamentario<\/strong> en el Senado de Espa\u00f1a. Adem\u00e1s, es <strong>profesor de derecho administrativo<\/strong> en excedencia.<\/p>\n<\/div>\n<\/div>\n\n\n\n<p>Es un reconocido <strong>abogado penalista y administrativista<\/strong>, con amplia experiencia en el sector p\u00fablico. Fruto de su intensa relaci\u00f3n con el \u00e1mbito pol\u00edtico y administrativo ha desarrollado una especializaci\u00f3n en la pr\u00e1ctica del <strong>derecho penal administrativo y pol\u00edtico<\/strong>, convirti\u00e9ndose en uno de los abogados m\u00e1s reconocibles de la d\u00e9cada en esta exclusiva pr\u00e1ctica. Ha intervenido en algunos de los asuntos m\u00e1s notorios de Espa\u00f1a en los \u00faltimos a\u00f1os: caso Puig, caso Garc\u00eda-Ortiz, caso Borriello, etc.<\/p>\n\n\n\n<p>Adem\u00e1s, se encuentra entre los pocos abogados que han intervenido profesionalmente en recursos de inconstitucionalidad ante el Tribunal Constitucional -ejercitando la defensa de agrupaciones de senadores y diputados-, adem\u00e1s de en procedimientos de responsabilidad contable ante el Tribunal de Cuentas y en recursos ante el Tribunal de Justicia de la Uni\u00f3n Europea y el Tribunal Europeo de Derechos Humanos. <\/p>\n\n\n\n<p>En la pr\u00e1ctica del derecho urban\u00edstico, ha intervenido en el desarrollo de algunos de los proyectos m\u00e1s ambiciosos de los \u00faltimos a\u00f1os, como el mayor centro comercial de Andaluc\u00eda, en Sevilla, la compraventa del rascacielos residencial m\u00e1s alto de Europa, en Benidorm, o la implantaci\u00f3n de un complejo hotelero de diez hect\u00e1reas en el noreste de la isla de Ibiza. <\/p>\n\n\n\n<p>Soriano interviene con frecuencia en los medios de comunicaci\u00f3n como especialista en derecho derecho penal y derecho p\u00fablico. Adem\u00e1s, es colaborador habitual del programa \u00abEl Faro\u00bb, en La 8. <\/p>\n\n\n\n<p>Como director de la firma, asiste directamente a los clientes en las oficinas del despacho en Valencia, Madrid y Palma y coordina y supervisa los trabajos de los dem\u00e1s profesionales del equipo.<br><br>Biling\u00fce en italiano, Soriano es un abogado de referencia para la comunidad italiana en Espa\u00f1a y forma parte de la C\u00e1mara de Comercio Italiana para Espa\u00f1a.<\/p>\n\n\n\n<p><strong>\u00c1reas de pr\u00e1ctica<\/strong><br>Derecho penal. Derecho p\u00fablico.<\/p>\n\n\n\n<p><strong>Idiomas<\/strong><br>Castellano, catal\u00e1n, italiano, franc\u00e9s e ingl\u00e9s.<br><br><strong>Formaci\u00f3n<\/strong><br>&#8211;&nbsp;Graduado en Derecho&nbsp;por la Universitat Oberta de Catalunya.<br>&#8211;&nbsp;Graduado en Derecho&nbsp;por la Universitat d\u2019Andorra.<br>&#8211; Graduado en Geograf\u00eda y Medio Ambiente&nbsp;por la Universitat de Val\u00e8ncia.<br>&#8211; M\u00e1ster en Derecho y Econom\u00eda del Medio Ambiente&nbsp;por la Universit\u00e0 degli Studi di Roma \u00abTor Vergata\u00bb.<br>&#8211; M\u00e1ster en Abogac\u00eda&nbsp;por la Universidad Cat\u00f3lica de Valencia.<br>&#8211; Estudios de postgrado&nbsp;en la University of London (derecho mercantil), la Universitat Polit\u00e8cnica de Val\u00e8ncia (transporte y urbanismo) y la Escuela Diplom\u00e1tica (derecho de la Uni\u00f3n Europea).<\/p>\n\n\n\n<p><strong>Experiencia<\/strong><br>&#8211;&nbsp;Abogado en&nbsp;G\u00f3mez-Acebo &amp; Pombo&nbsp;(2016-2023)<br>&#8211;&nbsp;Asesor parlamentario en&nbsp;Les Corts Valencianes&nbsp;(2019-2022)<br>&#8211;&nbsp;Profesor ayudante de derecho administrativo en la&nbsp;Universidad Europea de Valencia&nbsp;(2019-2024)<br>&#8211;&nbsp;Asesor parlamentario en el&nbsp;Senado de Espa\u00f1a&nbsp;(2024-actualmente)<br>&#8211; Abogado director del despacho \u00abSoriano i Piqueras\u00bb (2023-actualmente)<\/p>\n\n\n\n<p><strong>Publicaciones<\/strong><br>&#8211; <em>Pol\u00edticos y partidos ante la batalla jur\u00eddica: An\u00e1lisis acad\u00e9mico de la actividad jur\u00eddica de los pol\u00edticos y los partidos<\/em> (libro colectivo), ADED, 2024.<br>&#8211;&nbsp;<em>Homosexualidad y Derecho<\/em>&nbsp;(libro colectivo), editorial Sep\u00edn, 2020.<br>&#8211;&nbsp;<em>La huerta de Valencia: un paisaje menguante<\/em>&nbsp;(libro), 2016.<br>&#8211;&nbsp;<em>Introducci\u00f3n a la expropiaci\u00f3n por ministerio de la ley<\/em>&nbsp;(libro), 2022.&nbsp;<br>&#8211;&nbsp;Varias publicaciones en revistas acad\u00e9micas, cap\u00edtulos en libros colectivos y numerosas colaboraciones en medios de comunicaci\u00f3n<br>&#8211; Autor del blog <a href=\"http:\/\/www.derechopenaladministrativo.es\" data-type=\"link\" data-id=\"http:\/\/www.derechopenaladministrativo.es\">Derecho Penal Administrativo<\/a><\/p>\n\n\n\n<p><strong>Entidades y asociaciones de que es miembro<\/strong><br>Ilustre Colegio de Abogados de Valencia, col. 18.420<br>Ilustre Colegio de Abogados de Madrid, col. 144.317<br>Soci\u00e9t\u00e9 de L\u00e9gislation Compar\u00e9e<br>Camera di Commercio\u00a0e Industria\u00a0Italiana per la Spagna<br>Ateneo Mercantil de Valencia<br>Ateneo de Madrid<br>C\u00edrculo de Bellas Artes de Madrid<br>Ateneo de Sevilla<\/p>\n\n\n\n<hr class=\"wp-block-separator has-alpha-channel-opacity is-style-bjork-angled-separator-wide\"\/>\n\n\n\n<div class=\"wp-block-columns is-layout-flex wp-container-core-columns-is-layout-28f84493 wp-block-columns-is-layout-flex\">\n<div class=\"wp-block-column is-layout-flow wp-block-column-is-layout-flow\">\n<blockquote class=\"wp-block-quote is-layout-flow wp-block-quote-is-layout-flow\">\n<p>\u00ab<em><strong>V\u00edctor Soriano es uno de los abogados m\u00e1s reconocidos de Espa\u00f1a en derecho penal pol\u00edtico y urban\u00edstico<\/strong><\/em>\u00bb, \u00daltima Hora<\/p>\n<\/blockquote>\n<\/div>\n\n\n\n<div class=\"wp-block-column is-layout-flow wp-block-column-is-layout-flow\">\n<blockquote class=\"wp-block-quote is-layout-flow wp-block-quote-is-layout-flow\">\n<p>\u00ab<em><strong>V\u00edctor Soriano es un abogado reconocido por su capacidad para desenrocar los asuntos urban\u00edsticos m\u00e1s complicados<\/strong><\/em>\u00bb, Lawyerpress<\/p>\n<\/blockquote>\n<\/div>\n<\/div>\n\n\n\n<div class=\"wp-block-columns is-layout-flex wp-container-core-columns-is-layout-28f84493 wp-block-columns-is-layout-flex\">\n<div class=\"wp-block-column is-layout-flow wp-block-column-is-layout-flow\">\n<blockquote class=\"wp-block-quote is-layout-flow wp-block-quote-is-layout-flow\">\n<p>\u00ab<strong><em>V\u00edctor Soriano es uno de los abogados penalistas de delitos administrativos y urban\u00edsticos de m\u00e1s renombre en Espa\u00f1a<\/em><\/strong>\u00bb, Diario de Mallorca<\/p>\n<\/blockquote>\n<\/div>\n\n\n\n<div class=\"wp-block-column is-layout-flow wp-block-column-is-layout-flow\">\n<blockquote class=\"wp-block-quote is-layout-flow wp-block-quote-is-layout-flow\">\n<p>\u00ab<strong>V\u00edctor Soriano es <\/strong><em><strong>uno de los mejores abogados de derecho p\u00fablico&nbsp;y&nbsp;derecho penal administrativo de Espa\u00f1a<\/strong><\/em>\u00bb, OkDiario<\/p>\n<\/blockquote>\n<\/div>\n<\/div>","protected":false},"excerpt":{"rendered":"<p>V\u00edctor Soriano es el abogado director del despacho \u00abSoriano i Piqueras\u00bb y ejerce como asesor parlamentario en el Senado de Espa\u00f1a. Adem\u00e1s, es profesor de derecho administrativo en excedencia. Es un reconocido abogado penalista y administrativista, con amplia experiencia en el sector p\u00fablico. Fruto de su intensa relaci\u00f3n con el \u00e1mbito pol\u00edtico y administrativo ha [&hellip;]<\/p>","protected":false},"author":1,"featured_media":0,"parent":0,"menu_order":0,"comment_status":"closed","ping_status":"closed","template":"","meta":{"footnotes":""},"class_list":["post-214","page","type-page","status-publish","hentry"],"aioseo_notices":[],"_links":{"self":[{"href":"https:\/\/www.sorianoipiqueras.com\/it\/wp-json\/wp\/v2\/pages\/214","targetHints":{"allow":["GET"]}}],"collection":[{"href":"https:\/\/www.sorianoipiqueras.com\/it\/wp-json\/wp\/v2\/pages"}],"about":[{"href":"https:\/\/www.sorianoipiqueras.com\/it\/wp-json\/wp\/v2\/types\/page"}],"author":[{"embeddable":true,"href":"https:\/\/www.sorianoipiqueras.com\/it\/wp-json\/wp\/v2\/users\/1"}],"replies":[{"embeddable":true,"href":"https:\/\/www.sorianoipiqueras.com\/it\/wp-json\/wp\/v2\/comments?post=214"}],"version-history":[{"count":29,"href":"https:\/\/www.sorianoipiqueras.com\/it\/wp-json\/wp\/v2\/pages\/214\/revisions"}],"predecessor-version":[{"id":1256,"href":"https:\/\/www.sorianoipiqueras.com\/it\/wp-json\/wp\/v2\/pages\/214\/revisions\/1256"}],"wp:attachment":[{"href":"https:\/\/www.sorianoipiqueras.com\/it\/wp-json\/wp\/v2\/media?parent=214"}],"curies":[{"name":"wp","href":"https:\/\/api.w.org\/{rel}","templated":true}]}}