{"id":295,"date":"2024-10-03T12:45:00","date_gmt":"2024-10-03T10:45:00","guid":{"rendered":"https:\/\/www.sorianoipiqueras.com\/?page_id=295"},"modified":"2025-09-22T01:00:39","modified_gmt":"2025-09-21T23:00:39","slug":"jose-luis-pantoja-montero","status":"publish","type":"page","link":"https:\/\/www.sorianoipiqueras.com\/it\/jose-luis-pantoja-montero\/","title":{"rendered":"Jos\u00e9 Luis Pantoja Montero"},"content":{"rendered":"<div class=\"wp-block-columns is-layout-flex wp-container-core-columns-is-layout-28f84493 wp-block-columns-is-layout-flex\">\n<div class=\"wp-block-column is-layout-flow wp-block-column-is-layout-flow\">\n<figure class=\"wp-block-image size-large\"><img loading=\"lazy\" decoding=\"async\" width=\"1024\" height=\"819\" src=\"https:\/\/www.sorianoipiqueras.com\/wp-content\/uploads\/2025\/04\/WhatsApp-Image-2025-04-16-at-23.43.37-1024x819.jpeg\" alt=\"\" class=\"wp-image-853\" style=\"aspect-ratio:4\/3;object-fit:cover\" srcset=\"https:\/\/www.sorianoipiqueras.com\/wp-content\/uploads\/2025\/04\/WhatsApp-Image-2025-04-16-at-23.43.37-1024x819.jpeg 1024w, https:\/\/www.sorianoipiqueras.com\/wp-content\/uploads\/2025\/04\/WhatsApp-Image-2025-04-16-at-23.43.37-300x240.jpeg 300w, https:\/\/www.sorianoipiqueras.com\/wp-content\/uploads\/2025\/04\/WhatsApp-Image-2025-04-16-at-23.43.37-768x614.jpeg 768w, https:\/\/www.sorianoipiqueras.com\/wp-content\/uploads\/2025\/04\/WhatsApp-Image-2025-04-16-at-23.43.37.jpeg 1478w\" sizes=\"auto, (max-width: 1024px) 100vw, 1024px\" \/><\/figure>\n<\/div>\n\n\n\n<div class=\"wp-block-column is-layout-flow wp-block-column-is-layout-flow\">\n<p><strong>Jos\u00e9 Luis Pantoja <\/strong>es socio del despacho \u00abSoriano i Piqueras\u00bb, donde dirige la oficina de Madrid y es responsable de la pr\u00e1ctica de derecho mercantil.<br><\/p>\n<\/div>\n<\/div>\n\n\n\n<p>Jos\u00e9 Luis ha intervenido en operaciones de M&amp;A y Project Finance en el sector energ\u00e9tico por valor de hasta 50 millones de euros. Asimismo, tiene experiencia en reestructuraci\u00f3n de activos, reorganizaci\u00f3n societaria y ampliaciones de capital de hasta 25 millones de euros. Adem\u00e1s, ha sido responsable de estrategia y pol\u00edticas de ESG y compliance.<\/p>\n\n\n\n<p><strong>\u00c1reas de pr\u00e1ctica<\/strong><br>Derecho mercantil y societario y derecho de la energ\u00eda.&nbsp;<\/p>\n\n\n\n<p><strong>Idiomas<\/strong><br>Castellano, italiano e ingl\u00e9s.<br><br><strong>Formaci\u00f3n<\/strong><br>&#8211;&nbsp;Graduado en Derecho&nbsp;por la Universidad Carlos III de Madrid.<br>&#8211; M\u00e1ster de Acceso a la Abogac\u00eda y Pr\u00e1ctica Jur\u00eddica, en la especialidad empresarial, por el Centro de Estudios Garrigues.<br><br><strong>Experiencia<\/strong><br>&#8211;&nbsp;Abogado en&nbsp;GC Legal&nbsp;(2018)<br>&#8211;&nbsp;Legal Specialist para Espa\u00f1a y Portugal en Avanade (2019-2020)<br>&#8211; Abogado en CHC Energ\u00eda (2020-2023)<br>&#8211; Legal Counsel Director en Barter Energy (2023-2024)<\/p>\n\n\n\n<p><strong>Publicaciones<\/strong><br>&#8211; <em>No a la politizaci\u00f3n del CGPJ<\/em>, Legaltoday (2020)<br>&#8211; <em>La instrucci\u00f3n por parte de la Fiscal\u00eda, luces y sombras de la nueva LECrim<\/em>, Legaltoday (2021) <br>&#8211; <em>La ONU, Garz\u00f3n y las garant\u00edas procesales<\/em>, Legaltoday (2021)<br>&#8211; Distintas colaboraciones en medios de comunicaci\u00f3n<\/p>\n\n\n\n<p><strong>Entidades y asociaciones de que es miembro<\/strong><br>Ilustre Colegio de Abogados de Madrid, col. 128.899<br><\/p>","protected":false},"excerpt":{"rendered":"<p>Jos\u00e9 Luis Pantoja es socio del despacho \u00abSoriano i Piqueras\u00bb, donde dirige la oficina de Madrid y es responsable de la pr\u00e1ctica de derecho mercantil. Jos\u00e9 Luis ha intervenido en operaciones de M&amp;A y Project Finance en el sector energ\u00e9tico por valor de hasta 50 millones de euros. Asimismo, tiene experiencia en reestructuraci\u00f3n de activos, [&hellip;]<\/p>","protected":false},"author":1,"featured_media":0,"parent":0,"menu_order":0,"comment_status":"closed","ping_status":"closed","template":"","meta":{"footnotes":""},"class_list":["post-295","page","type-page","status-publish","hentry"],"aioseo_notices":[],"_links":{"self":[{"href":"https:\/\/www.sorianoipiqueras.com\/it\/wp-json\/wp\/v2\/pages\/295","targetHints":{"allow":["GET"]}}],"collection":[{"href":"https:\/\/www.sorianoipiqueras.com\/it\/wp-json\/wp\/v2\/pages"}],"about":[{"href":"https:\/\/www.sorianoipiqueras.com\/it\/wp-json\/wp\/v2\/types\/page"}],"author":[{"embeddable":true,"href":"https:\/\/www.sorianoipiqueras.com\/it\/wp-json\/wp\/v2\/users\/1"}],"replies":[{"embeddable":true,"href":"https:\/\/www.sorianoipiqueras.com\/it\/wp-json\/wp\/v2\/comments?post=295"}],"version-history":[{"count":9,"href":"https:\/\/www.sorianoipiqueras.com\/it\/wp-json\/wp\/v2\/pages\/295\/revisions"}],"predecessor-version":[{"id":1151,"href":"https:\/\/www.sorianoipiqueras.com\/it\/wp-json\/wp\/v2\/pages\/295\/revisions\/1151"}],"wp:attachment":[{"href":"https:\/\/www.sorianoipiqueras.com\/it\/wp-json\/wp\/v2\/media?parent=295"}],"curies":[{"name":"wp","href":"https:\/\/api.w.org\/{rel}","templated":true}]}}