{"id":448,"date":"2024-11-23T18:43:36","date_gmt":"2024-11-23T17:43:36","guid":{"rendered":"https:\/\/www.sorianoipiqueras.com\/?page_id=448"},"modified":"2026-02-06T22:55:45","modified_gmt":"2026-02-06T21:55:45","slug":"derecho-penal-administrativo-politico-y-urbanistico","status":"publish","type":"page","link":"https:\/\/www.sorianoipiqueras.com\/it\/derecho-penal-administrativo-politico-y-urbanistico\/","title":{"rendered":"Derecho penal"},"content":{"rendered":"<p>Somos una firma de referencia nacional en la acusaci\u00f3n penal en asuntos relevantes, especialmente aquellos que tienen un v\u00ednculo con el sector p\u00fablico, el \u00e1mbito pol\u00edtico o la delincuencia econ\u00f3mica. Tambi\u00e9n ejercitamos la defensa letrada de personas investigadas en asuntos penales de primera magnitud. Hemos intervenido en algunos de los casos m\u00e1s rese\u00f1ables en Espa\u00f1a en los \u00faltimos a\u00f1os. <\/p>\n\n\n\n<p>Intervenimos en <strong>delitos administrativos y de corrupci\u00f3n<\/strong> (cohecho, prevaricaci\u00f3n, tr\u00e1fico de influencias, negociaciones prohibidas, delitos electorales, etc.),<strong>delitos urban\u00edsticos y ambientales<\/strong>, <strong>delitos fiscales<\/strong> (delitos contra la Hacienda P\u00fablica, delitos de fraude de subvenciones, delitos contra la Seguridad Social, etc.) y <strong>delitos econ\u00f3micos<\/strong> (delito de estafa, delito de blanqueo de capitales, delito de insolvencia punible, etc.).<br><br>Contamos con amplia experiencia en <a href=\"https:\/\/www.sorianoipiqueras.com\/it\/macrocausas-penales\/\" title=\"macrocausas penales\">macrocausas penales<\/a>. <\/p>","protected":false},"excerpt":{"rendered":"<p>Somos una firma de referencia nacional en la acusaci\u00f3n penal en asuntos relevantes, especialmente aquellos que tienen un v\u00ednculo con el sector p\u00fablico, el \u00e1mbito pol\u00edtico o la delincuencia econ\u00f3mica. Tambi\u00e9n ejercitamos la defensa letrada de personas investigadas en asuntos penales de primera magnitud. Hemos intervenido en algunos de los casos m\u00e1s rese\u00f1ables en Espa\u00f1a [&hellip;]<\/p>","protected":false},"author":1,"featured_media":0,"parent":0,"menu_order":0,"comment_status":"closed","ping_status":"closed","template":"","meta":{"footnotes":""},"class_list":["post-448","page","type-page","status-publish","hentry"],"aioseo_notices":[],"_links":{"self":[{"href":"https:\/\/www.sorianoipiqueras.com\/it\/wp-json\/wp\/v2\/pages\/448","targetHints":{"allow":["GET"]}}],"collection":[{"href":"https:\/\/www.sorianoipiqueras.com\/it\/wp-json\/wp\/v2\/pages"}],"about":[{"href":"https:\/\/www.sorianoipiqueras.com\/it\/wp-json\/wp\/v2\/types\/page"}],"author":[{"embeddable":true,"href":"https:\/\/www.sorianoipiqueras.com\/it\/wp-json\/wp\/v2\/users\/1"}],"replies":[{"embeddable":true,"href":"https:\/\/www.sorianoipiqueras.com\/it\/wp-json\/wp\/v2\/comments?post=448"}],"version-history":[{"count":17,"href":"https:\/\/www.sorianoipiqueras.com\/it\/wp-json\/wp\/v2\/pages\/448\/revisions"}],"predecessor-version":[{"id":1273,"href":"https:\/\/www.sorianoipiqueras.com\/it\/wp-json\/wp\/v2\/pages\/448\/revisions\/1273"}],"wp:attachment":[{"href":"https:\/\/www.sorianoipiqueras.com\/it\/wp-json\/wp\/v2\/media?parent=448"}],"curies":[{"name":"wp","href":"https:\/\/api.w.org\/{rel}","templated":true}]}}