{"id":609,"date":"2025-02-11T00:22:55","date_gmt":"2025-02-10T23:22:55","guid":{"rendered":"https:\/\/www.sorianoipiqueras.com\/?page_id=609"},"modified":"2025-02-11T00:22:55","modified_gmt":"2025-02-10T23:22:55","slug":"delitos-economicos","status":"publish","type":"page","link":"https:\/\/www.sorianoipiqueras.com\/it\/delitos-economicos\/","title":{"rendered":"Delitos econ\u00f3micos"},"content":{"rendered":"<p>Ejercitamos la defensa letrada tanto de los investigados como de las partes acusadoras (acusaci\u00f3n popular o particular) en asuntos penales relevantes que se sigan por delitos econ\u00f3micos (delito de estafa agravada, delito de blanqueo de capitales, delito de insolvencia punible, etc.), especialmente cuando tienen un v\u00ednculo con el sector p\u00fablico o con el \u00e1mbito pol\u00edtico-administrativo. <\/p>\n\n\n\n<p>Tenemos experiencia en la defensa de asuntos penales de primera magnitud, habiendo intervenido en algunos de los casos m\u00e1s rese\u00f1ables en Espa\u00f1a en los \u00faltimo a\u00f1os.<\/p>","protected":false},"excerpt":{"rendered":"<p>Ejercitamos la defensa letrada tanto de los investigados como de las partes acusadoras (acusaci\u00f3n popular o particular) en asuntos penales relevantes que se sigan por delitos econ\u00f3micos (delito de estafa agravada, delito de blanqueo de capitales, delito de insolvencia punible, etc.), especialmente cuando tienen un v\u00ednculo con el sector p\u00fablico o con el \u00e1mbito pol\u00edtico-administrativo. [&hellip;]<\/p>","protected":false},"author":1,"featured_media":0,"parent":0,"menu_order":0,"comment_status":"closed","ping_status":"closed","template":"","meta":{"footnotes":""},"class_list":["post-609","page","type-page","status-publish","hentry"],"aioseo_notices":[],"_links":{"self":[{"href":"https:\/\/www.sorianoipiqueras.com\/it\/wp-json\/wp\/v2\/pages\/609","targetHints":{"allow":["GET"]}}],"collection":[{"href":"https:\/\/www.sorianoipiqueras.com\/it\/wp-json\/wp\/v2\/pages"}],"about":[{"href":"https:\/\/www.sorianoipiqueras.com\/it\/wp-json\/wp\/v2\/types\/page"}],"author":[{"embeddable":true,"href":"https:\/\/www.sorianoipiqueras.com\/it\/wp-json\/wp\/v2\/users\/1"}],"replies":[{"embeddable":true,"href":"https:\/\/www.sorianoipiqueras.com\/it\/wp-json\/wp\/v2\/comments?post=609"}],"version-history":[{"count":1,"href":"https:\/\/www.sorianoipiqueras.com\/it\/wp-json\/wp\/v2\/pages\/609\/revisions"}],"predecessor-version":[{"id":610,"href":"https:\/\/www.sorianoipiqueras.com\/it\/wp-json\/wp\/v2\/pages\/609\/revisions\/610"}],"wp:attachment":[{"href":"https:\/\/www.sorianoipiqueras.com\/it\/wp-json\/wp\/v2\/media?parent=609"}],"curies":[{"name":"wp","href":"https:\/\/api.w.org\/{rel}","templated":true}]}}